{"id":7482,"date":"2022-09-19T09:52:06","date_gmt":"2022-09-19T09:52:06","guid":{"rendered":"https:\/\/robollahotelcorfu.com\/home\/"},"modified":"2023-05-08T06:51:59","modified_gmt":"2023-05-08T06:51:59","slug":"home","status":"publish","type":"page","link":"https:\/\/robollahotelcorfu.com\/de\/","title":{"rendered":"Home"},"content":{"rendered":"<div class=\"fw-page-builder-content\">\n<p class=\"rs-p-wp-fix\">\n<p> <img decoding=\"async\" loading=\"lazy\" src=\"\/\/img.youtube.com\/vi\/Zj52P151sho\/sddefault.jpg\" alt=\"Beach | Robolla Beach Aparthotel Roda Corfu\" title=\"Beach | Robolla Beach Aparthotel Roda Corfu\" width=\"1920\" height=\"1080\" class=\"rev-slidebg tp-rs-img\" data-no-retina><br \/>\n setREVStartSize({c: &#8218;rev_slider_32_1&#8242;,rl:[1240,1240,1240,480],el:[800,800,800,720],gw:[1900,1900,1900,480],gh:[800,800,800,720],type:&#8217;standard&#8216;,justify:&#8220;,layout:&#8217;fullwidth&#8216;,mh:&#8220;500PX&#8220;});if (window.RS_MODULES!==undefined &#038;&#038; window.RS_MODULES.modules!==undefined &#038;&#038; window.RS_MODULES.modules[&#8222;revslider321&#8220;]!==undefined) {window.RS_MODULES.modules[&#8222;revslider321&#8220;].once = false;window.revapi32 = undefined;if (window.RS_MODULES.checkMinimal!==undefined) window.RS_MODULES.checkMinimal()}<\/p>\n<h1 class=\"fw-special-title\">Robolla Beach Aparthotel<\/h1>\n<p> Traditionelle Gastfreundschaft in modernem Ambiente<\/p>\n<p>Errichtet am Rande des Sandstrandes von Roda im Norden von Korfu, in der N\u00e4he des Ortes, wo laut Legende der lange leidende Odysseus Zuflucht fand, basiert das Robolla Beach Aparthotel seine Betriebsprinzipien auf den Pfeilern der traditionellen griechischen Gastfreundschaft. Mit Respekt f\u00fcr die Umwelt und entlang des Pfades der Unternehmensverantwortung bietet das Robolla Beach Aparthotel seinen G\u00e4sten hochwertige Gastfreundschaftsdienstleistungen, w\u00e4hrend es die lokale Wirtschaft st\u00e4rkt und Ma\u00dfnahmen zum Schutz des lokalen \u00d6kosystems ergreift.<\/p>\n<p> Apartments<\/p>\n<p>Unsere gem\u00fctlichen und modernen Apartments sind sind perfekt, damit Sie sich w\u00e4hrend Ihres Aufenthalts wie Zuhause f\u00fchlen. Jedes Apartment verf\u00fcgt \u00fcber komfortable M\u00f6bel und alle Annehmlichkeiten, die Sie f\u00fcr einen bequemen und angenehmen Aufenthalt ben\u00f6tigen. Egal, ob Sie hier zum Arbeiten oder zum Vergn\u00fcgen sind, unsere Apartments sind die perfekte Basis f\u00fcr Ihren Aufenthalt.<\/p>\n<p> <a href=\"\/de\/apartments-studios-apartments-und-studios-roda-korfu\/\" target=\"_self\" class=\"fw-btn tf-sh-d06142eac1313b12dedbf4d89c2aafaa fw-btn-md fw-btn-2\" style=\"\" rel=\"noopener\"><br \/>\n \u00a0 MEHR SEHEN \u00a0<br \/>\n <\/a><\/p>\n<p class=\"rs-p-wp-fix\">\n<p> <img decoding=\"async\" loading=\"lazy\" src=\"\/\/robollahotelcorfu.com\/wp-content\/uploads\/2019\/08\/apartment-superior-3.jpg\" alt=\"Apartment Superior | Robolla Hotel Roda Corfu\" title=\"Apartment Superior | Robolla Hotel Roda Corfu\" width=\"937\" height=\"511\" class=\"rev-slidebg tp-rs-img\" data-bg=\"p:center top;\" data-no-retina><br \/>\n <img decoding=\"async\" loading=\"lazy\" src=\"\/\/robollahotelcorfu.com\/wp-content\/uploads\/2019\/08\/apartment-superior-4.jpg\" alt=\"Apartment Superior | Robolla Hotel Roda Corfu\" title=\"Apartment Superior | Robolla Hotel Roda Corfu\" width=\"937\" height=\"511\" class=\"rev-slidebg tp-rs-img\" data-bg=\"p:center top;\" data-no-retina><br \/>\n <img decoding=\"async\" loading=\"lazy\" src=\"\/\/robollahotelcorfu.com\/wp-content\/uploads\/2019\/08\/apartment-superior-5.jpg\" alt=\"Apartment Superior | Robolla Hotel Roda Corfu\" title=\"Apartment Superior | Robolla Hotel Roda Corfu\" width=\"937\" height=\"511\" class=\"rev-slidebg tp-rs-img\" data-bg=\"p:center top;\" data-no-retina><br \/>\n <img decoding=\"async\" loading=\"lazy\" src=\"\/\/robollahotelcorfu.com\/wp-content\/uploads\/2019\/08\/apartment-superior-6.jpg\" alt=\"Apartment Superior | Robolla Hotel Roda Corfu\" title=\"Apartment Superior | Robolla Hotel Roda Corfu\" width=\"937\" height=\"511\" class=\"rev-slidebg tp-rs-img\" data-bg=\"p:center top;\" data-no-retina><br \/>\n <img decoding=\"async\" loading=\"lazy\" src=\"\/\/robollahotelcorfu.com\/wp-content\/uploads\/2019\/08\/apartment-superior-8.jpg\" alt=\"Apartment Superior | Robolla Hotel Roda Corfu\" title=\"Apartment Superior | Robolla Hotel Roda Corfu\" width=\"937\" height=\"511\" class=\"rev-slidebg tp-rs-img\" data-bg=\"p:center top;\" data-no-retina><br \/>\n <img decoding=\"async\" loading=\"lazy\" src=\"\/\/robollahotelcorfu.com\/wp-content\/uploads\/2019\/08\/apartment-superior-9.jpg\" alt=\"Apartment Superior | Robolla Hotel Roda Corfu\" title=\"Apartment Superior | Robolla Hotel Roda Corfu\" width=\"937\" height=\"511\" class=\"rev-slidebg tp-rs-img\" data-bg=\"p:center top;\" data-no-retina><br \/>\n <img decoding=\"async\" loading=\"lazy\" src=\"\/\/robollahotelcorfu.com\/wp-content\/uploads\/2019\/08\/apartment-superior-11.jpg\" alt=\"Apartment Superior | Robolla Hotel Roda Corfu\" title=\"Apartment Superior | Robolla Hotel Roda Corfu\" width=\"937\" height=\"511\" class=\"rev-slidebg tp-rs-img\" data-bg=\"p:center top;\" data-no-retina><br \/>\n <img decoding=\"async\" loading=\"lazy\" src=\"\/\/robollahotelcorfu.com\/wp-content\/uploads\/2019\/08\/studio-superior-1.jpg\" alt=\"Studio Superior | Robolla Hotel Roda Corfu\" title=\"Studio Superior | Robolla Hotel Roda Corfu\" width=\"937\" height=\"511\" class=\"rev-slidebg tp-rs-img\" data-bg=\"p:center top;\" data-no-retina><br \/>\n <img decoding=\"async\" loading=\"lazy\" src=\"\/\/robollahotelcorfu.com\/wp-content\/uploads\/2019\/08\/studio-superior-2.jpg\" alt=\"Studio Superior | Robolla Hotel Roda Corfu\" title=\"Studio Superior | Robolla Hotel Roda Corfu\" width=\"937\" height=\"511\" class=\"rev-slidebg tp-rs-img\" data-bg=\"p:center top;\" data-no-retina><br \/>\n <img decoding=\"async\" loading=\"lazy\" src=\"\/\/robollahotelcorfu.com\/wp-content\/uploads\/2019\/08\/studio-superior-3.jpg\" alt=\"Studio Superior | Robolla Hotel Roda Corfu\" title=\"Studio Superior | Robolla Hotel Roda Corfu\" width=\"937\" height=\"511\" class=\"rev-slidebg tp-rs-img\" data-bg=\"p:center top;\" data-no-retina><br \/>\n <img decoding=\"async\" loading=\"lazy\" src=\"\/\/robollahotelcorfu.com\/wp-content\/uploads\/2019\/08\/studio-superior-4.jpg\" alt=\"Studio Superior | Robolla Hotel Roda Corfu\" title=\"Studio Superior | Robolla Hotel Roda Corfu\" width=\"937\" height=\"511\" class=\"rev-slidebg tp-rs-img\" data-bg=\"p:center top;\" data-no-retina><br \/>\n <img decoding=\"async\" loading=\"lazy\" src=\"\/\/robollahotelcorfu.com\/wp-content\/uploads\/2019\/08\/studio-superior-6.jpg\" alt=\"Studio Superior | Robolla Hotel Roda Corfu\" title=\"Studio Superior | Robolla Hotel Roda Corfu\" width=\"937\" height=\"511\" class=\"rev-slidebg tp-rs-img\" data-bg=\"p:center top;\" data-no-retina><br \/>\n <img decoding=\"async\" loading=\"lazy\" src=\"\/\/robollahotelcorfu.com\/wp-content\/uploads\/2019\/08\/studio-superior-9.jpg\" alt=\"Studio Superior | Robolla Hotel Roda Corfu\" title=\"Studio Superior | Robolla Hotel Roda Corfu\" width=\"937\" height=\"511\" class=\"rev-slidebg tp-rs-img\" data-bg=\"p:center top;\" data-no-retina><br \/>\n <img decoding=\"async\" loading=\"lazy\" src=\"\/\/robollahotelcorfu.com\/wp-content\/uploads\/2022\/05\/studio-deluxe-1.jpg\" alt=\"\" title=\"studio-deluxe-1\" width=\"937\" height=\"511\" class=\"rev-slidebg tp-rs-img\" data-bg=\"p:center top;\" data-no-retina><br \/>\n <img decoding=\"async\" loading=\"lazy\" src=\"\/\/robollahotelcorfu.com\/wp-content\/uploads\/2022\/05\/studio-deluxe-2.jpg\" alt=\"\" title=\"studio-deluxe-2\" width=\"937\" height=\"511\" class=\"rev-slidebg tp-rs-img\" data-bg=\"p:center top;\" data-no-retina><br \/>\n <img decoding=\"async\" loading=\"lazy\" src=\"\/\/robollahotelcorfu.com\/wp-content\/uploads\/2022\/05\/studio-deluxe-4.jpg\" alt=\"\" title=\"studio-deluxe-4\" width=\"937\" height=\"511\" class=\"rev-slidebg tp-rs-img\" data-bg=\"p:center top;\" data-no-retina><br \/>\n <img decoding=\"async\" loading=\"lazy\" src=\"\/\/robollahotelcorfu.com\/wp-content\/uploads\/2022\/05\/studio-deluxe-6.jpg\" alt=\"\" title=\"studio-deluxe-6\" width=\"937\" height=\"511\" class=\"rev-slidebg tp-rs-img\" data-bg=\"p:center top;\" data-no-retina><br \/>\n <img decoding=\"async\" loading=\"lazy\" src=\"\/\/robollahotelcorfu.com\/wp-content\/uploads\/2022\/05\/studio-deluxe-7.jpg\" alt=\"\" title=\"studio-deluxe-7\" width=\"937\" height=\"511\" class=\"rev-slidebg tp-rs-img\" data-bg=\"p:center top;\" data-no-retina><br \/>\n setREVStartSize({c: &#8218;rev_slider_36_2&#8242;,rl:[1240,1024,778,480],el:[576],gw:[1070],gh:[576],type:&#8217;standard&#8216;,justify:&#8220;,layout:&#8217;fullwidth&#8216;,mh:&#8220;0&#8243;});if (window.RS_MODULES!==undefined &#038;&#038; window.RS_MODULES.modules!==undefined &#038;&#038; window.RS_MODULES.modules[&#8222;revslider362&#8220;]!==undefined) {window.RS_MODULES.modules[&#8222;revslider362&#8220;].once = false;window.revapi36 = undefined;if (window.RS_MODULES.checkMinimal!==undefined) window.RS_MODULES.checkMinimal()}<\/p>\n<h3 class=\"fw-special-title\">Mehr anzeigen Gr\u00fcnde, uns zu w\u00e4hlen:<\/h3>\n<p> <img decoding=\"async\" src=\"https:\/\/robollahotelcorfu.com\/wp-content\/uploads\/2018\/03\/steps.png\" alt=\"Steps | Robolla Beach Aparthotel Roda Corfu\" data-maxdpr=\"1.7\" width=\"720\" class=\"lazyload\" \/> <\/p>\n<p>GER\u00c4UMIGE WOHNUNGENSTRANDLAGEAUTHENTISCHE GASTFREUNDSCHAFT<\/p>\n<p>Voll ausgestattete K\u00fcchenzeile, Garten-\/Meerblick. Kostenfreie Sonnenliegen und Sonnenschirme am Sandstrand. Griechische Gastronomie und verschiedene organisierte Erlebnisse.<\/p>\n<h3 class=\"fw-special-title\">Mehr anzeigen Gr\u00fcnde, uns zu w\u00e4hlen:<\/h3>\n<p>GER\u00c4UMIGE WOHNUNGEN <\/p>\n<p>Voll ausgestattete K\u00fcchenzeile, Garten-\/Meerblick. <\/p>\n<p>STRANDLAGE<\/p>\n<p>Kostenfreie Sonnenliegen und Sonnenschirme am Sandstrand.<\/p>\n<p>AUTHENTISCHE GASTFREUNDSCHAFT<\/p>\n<p>Griechische Gastronomie und verschiedene organisierte Erlebnisse.<\/p>\n<p> Restaurant<\/p>\n<p>Ideal f\u00fcr G\u00e4ste, die das Beste aus ihrem Urlaub machen m\u00f6chten, erwatet Sie das Hauptrestaurant &#8222;Seaview&#8220; auf der ersten Etage des Hauptgeb\u00e4udes, um den Morgen mit einem reichhaltigen amerikanischen Fr\u00fchst\u00fccksbuffet und einer gro\u00dfen Auswahl an gesunden Gerichten zu genie\u00dfen.<\/p>\n<p> <a href=\"\/de\/restaurants-apartments-und-studios-roda-korfu\/\" target=\"_self\" class=\"fw-btn tf-sh-f20b633cf0b3315ef8b5d56c6f3369fb fw-btn-md fw-btn-2\" style=\"\" rel=\"noopener\"><br \/>\n \u00a0 MEHR SEHEN \u00a0<br \/>\n <\/a><\/p>\n<p class=\"rs-p-wp-fix\">\n<p> <img decoding=\"async\" loading=\"lazy\" src=\"\/\/robollahotelcorfu.com\/wp-content\/uploads\/2019\/06\/restaurant-1.jpg\" alt=\"Restaurant | Robolla Beach Aparthotel Roda Corfu\" title=\"Restaurant | Robolla Beach Aparthotel Roda Corfu\" width=\"824\" height=\"529\" class=\"rev-slidebg tp-rs-img\" data-bg=\"p:right top;\" data-no-retina><br \/>\n <img decoding=\"async\" loading=\"lazy\" src=\"\/\/robollahotelcorfu.com\/wp-content\/uploads\/2019\/06\/restaurant-2.jpg\" alt=\"Restaurant | Robolla Beach Aparthotel Roda Corfu\" title=\"Restaurant | Robolla Beach Aparthotel Roda Corfu\" width=\"824\" height=\"529\" class=\"rev-slidebg tp-rs-img\" data-bg=\"p:right top;\" data-no-retina><br \/>\n <img decoding=\"async\" loading=\"lazy\" src=\"\/\/robollahotelcorfu.com\/wp-content\/uploads\/2019\/06\/restaurant-3.jpg\" alt=\"Restaurant | Robolla Beach Aparthotel Roda Corfu\" title=\"Restaurant | Robolla Beach Aparthotel Roda Corfu\" width=\"824\" height=\"529\" class=\"rev-slidebg tp-rs-img\" data-bg=\"p:right top;\" data-no-retina><br \/>\n setREVStartSize({c: &#8218;rev_slider_13_3&#8242;,rl:[1240,1024,778,480],el:[529],gw:[824],gh:[529],type:&#8217;standard&#8216;,justify:&#8220;,layout:&#8217;fullwidth&#8216;,mh:&#8220;0&#8243;});if (window.RS_MODULES!==undefined &#038;&#038; window.RS_MODULES.modules!==undefined &#038;&#038; window.RS_MODULES.modules[&#8222;revslider133&#8220;]!==undefined) {window.RS_MODULES.modules[&#8222;revslider133&#8220;].once = false;window.revapi13 = undefined;if (window.RS_MODULES.checkMinimal!==undefined) window.RS_MODULES.checkMinimal()}<\/p>\n<p class=\"rs-p-wp-fix\">\n<p> <img decoding=\"async\" loading=\"lazy\" src=\"\/\/robollahotelcorfu.com\/wp-content\/uploads\/2019\/08\/swimming-pool.jpg\" alt=\"Swimming Pool | Robolla Hotel Roda Corfu\" title=\"Swimming Pool | Robolla Hotel Roda Corfu\" width=\"824\" height=\"529\" class=\"rev-slidebg tp-rs-img\" data-bg=\"p:right top;\" data-no-retina><br \/>\n <img decoding=\"async\" loading=\"lazy\" src=\"\/\/robollahotelcorfu.com\/wp-content\/uploads\/2019\/08\/pool-bar.jpg\" alt=\"Pool Bar | Robolla Hotel Roda Corfu\" title=\"Pool Bar | Robolla Hotel Roda Corfu\" width=\"824\" height=\"529\" class=\"rev-slidebg tp-rs-img\" data-bg=\"p:right top;\" data-no-retina><br \/>\n <img decoding=\"async\" loading=\"lazy\" src=\"\/\/robollahotelcorfu.com\/wp-content\/uploads\/2017\/04\/sunbeds.jpg\" alt=\"Sunbeds | Robolla Beach Aparthotel Roda Corfu\" title=\"Sunbeds | Robolla Beach Aparthotel Roda Corfu\" width=\"824\" height=\"529\" class=\"rev-slidebg tp-rs-img\" data-bg=\"p:right top;\" data-no-retina><br \/>\n <img decoding=\"async\" loading=\"lazy\" src=\"\/\/robollahotelcorfu.com\/wp-content\/uploads\/2017\/04\/showers.jpg\" alt=\"Showers | Robolla Beach Aparthotel Roda Corfu\" title=\"Showers | Robolla Beach Aparthotel Roda Corfu\" width=\"824\" height=\"529\" class=\"rev-slidebg tp-rs-img\" data-bg=\"p:right top;\" data-no-retina><br \/>\n <img decoding=\"async\" loading=\"lazy\" src=\"\/\/robollahotelcorfu.com\/wp-content\/uploads\/2017\/04\/beach.jpg\" alt=\"Beach | Robolla Beach Aparthotel Roda Corfu\" title=\"Beach | Robolla Beach Aparthotel Roda Corfu\" width=\"824\" height=\"529\" class=\"rev-slidebg tp-rs-img\" data-bg=\"p:right top;\" data-no-retina><br \/>\n setREVStartSize({c: &#8218;rev_slider_1_4&#8242;,rl:[1240,1024,778,480],el:[529],gw:[824],gh:[529],type:&#8217;standard&#8216;,justify:&#8220;,layout:&#8217;fullwidth&#8216;,mh:&#8220;0&#8243;});if (window.RS_MODULES!==undefined &#038;&#038; window.RS_MODULES.modules!==undefined &#038;&#038; window.RS_MODULES.modules[&#8222;revslider14&#8220;]!==undefined) {window.RS_MODULES.modules[&#8222;revslider14&#8220;].once = false;window.revapi1 = undefined;if (window.RS_MODULES.checkMinimal!==undefined) window.RS_MODULES.checkMinimal()}<br \/>\n Einrichtungen<\/p>\n<p>Das Robolla Beach Aparthotel in Roda Corfu ist ein einzigartiger Ort, um Ihren Urlaub zu genie\u00dfen. Es bietet seinen G\u00e4sten hervorragende Einrichtungen. Es verf\u00fcgt \u00fcber zwei Restaurants, einen Infinity-Pool und eine Poolbar. Es bietet auch auch ein Gesch\u00e4ft, in dem G\u00e4ste alle notwendigen Annehmlichkeiten f\u00fcr einen wundersch\u00f6nen Sommerurlaub kaufen k\u00f6nnen.<\/p>\n<p> <a href=\"\/de\/einrichtungen-apartments-und-studios-roda-korfu\/\" target=\"_self\" class=\"fw-btn tf-sh-9fc6b4390816506b978bb288b4d1f7fc fw-btn-md fw-btn-2\" style=\"\" rel=\"noopener\"><br \/>\n \u00a0 MEHR SEHEN \u00a0<br \/>\n <\/a><\/p>\n<h2 class=\"fw-special-title\">Was unsere G\u00e4ste sagen:<\/h2>\n<p> UNSERE BEWERTUNGEN<br \/>\n <img decoding=\"async\" src=\"https:\/\/lh3.googleusercontent.com\/a-\/ACB-R5RdZNWtYPECRLcfZj6f40IQhAjoRDXgudp21ob0wA=s120-c-c-rp-w64-h64-mo-ba3-br100\" alt=\"Spiridoula Tsenempi\" \/> Spiridoula Tsenempi 28\/04\/2023 <img decoding=\"async\" src=\"https:\/\/lh3.googleusercontent.com\/a-\/ACB-R5S8OESo6-elsLMxppTNXUg1cdW9Ov5EwDqZ7F8Nyw=s120-c-c-rp-w64-h64-mo-br100\" alt=\"Vassilis Koronakis\" \/> Vassilis Koronakis 12\/04\/2023 <img decoding=\"async\" src=\"https:\/\/lh3.googleusercontent.com\/a\/AGNmyxa5cq795vdegiPXqtcH4MxnlhVEqxl-LtjHBNvi=s120-c-c-rp-w64-h64-mo-br100\" alt=\"Jada Schauher\" \/> Jada Schauher 21\/03\/2023 Mein Bett in meiner 2. Heimat Griechenland &#8211; da steige ich immer ab und f\u00fchle mich wohl\u2026 <img decoding=\"async\" src=\"https:\/\/lh3.googleusercontent.com\/a\/AGNmyxaC3MpPxBpkSNDdbN74DUQCl3FF6XGWxYWmMcPw=s120-c-c-rp-w64-h64-mo-ba3-br100\" alt=\"Yiannis Zelios\" \/> Yiannis Zelios 21\/03\/2023 <img decoding=\"async\" src=\"https:\/\/lh3.googleusercontent.com\/a-\/ACB-R5SBPTUsT7IQfKHM-TmamCBkPsJWCUrK_fkVSfZz_w=s120-c-c-rp-w64-h64-mo-br100\" alt=\"Dominique Henderickx\" \/> Dominique Henderickx 16\/03\/2023 Tr\u00e8s beau complexe, <img decoding=\"async\" src=\"https:\/\/lh3.googleusercontent.com\/a\/AGNmyxbkM7Jcm58AlZKrOJGqNyCYyxEPzzMup2O2odLk=s120-c-c-rp-w64-h64-mo-ba2-br100\" alt=\"\u039d\u03af\u03ba\u03bf\u03c2 \u03a4\u03c1\u03b1\u03c7\u03b1\u03bd\u03ac\u03c2\" \/> \u039d\u03af\u03ba\u03bf\u03c2 \u03a4\u03c1\u03b1\u03c7\u03b1\u03bd\u03ac\u03c2 22\/02\/2023 <img decoding=\"async\" src=\"https:\/\/lh3.googleusercontent.com\/a-\/ACB-R5QbPfTqci19NJBCZYQipyUP3NJak18VXX2yB6Ft=s120-c-c-rp-w64-h64-mo-br100\" alt=\"Benny hi\" \/> Benny hi 12\/12\/2022 Das Apartment ware sauber und gro\u00df genung.<br \/>\nDie Mitarbeiter dort waren immer Top gelaunt und teilweise Konten sie sogar deutsch .<br \/>\nDas essen war einfach traumhaft.<br \/>\nDer Pool nicht zu klein sondern eine perfekte Gr\u00f6\u00dfe.<br \/>\nWir hatten vom Balkon eine sch\u00f6ne Aussicht aufs Meer.<br \/>\nEs ist abgelegen aber nach roda kann man in 20 min laufen.<br \/>\nKann ich nur empfehlen es war einfach traumhaft sch\u00f6n die 2 Wochen<br \/>\n <a class=\"fw-block-image-child fw-noratio fw-ratio-container \" href=\"https:\/\/www.google.com\/search?q=robolla+beach+aparthotel&#038;bih=1062&#038;biw=2112&#038;hl=el&#038;ei=mc4vZOqMNNGRsAfgqJnQBg&#038;hotel_occupancy=2&#038;gs_ssp=eJwFwTEOgCAMAMC4mrg7sjhDxYr6BH9RsEpiE5Aw8Hzv-kE_GiBkLO-XxXTHZBpY9AuyCXZj5284TFv3cDEjIToGN9tzLMknEVKeKURFmUqNqbL8uS0ZBA&#038;oq=robolla+beach+&#038;gs_lcp=Cgxnd3Mtd2l6LXNlcnAQARgAMg4ILhCvARDHARCABBDqBDIFCAAQgAQyBggAEBYQHjIGCAAQFhAeMgYIABAWEB4yBggAEBYQHjIGCAAQFhAeMgYIABAWEB4yBggAEBYQHjIGCAAQFhAeMhkILhCvARDHARCABBDqBBDcBBDeBBDgBBgCOgoIABBHENYEELADOgoIABCKBRCwAxBDOhUILhCKBRDHARCvARDIAxCwAxBDGAE6FQguEK8BEMcBEIoFEMgDELADEEMYAToPCC4QigUQyAMQsAMQQxgBSgQIQRgAUPQFWJsRYPo8aAJwAXgAgAGBAYgB7AKSAQMwLjOYAQCgAQHIARTAAQHaAQYIARABGAjaAQYIAhABGBQ&#038;sclient=gws-wiz-serp\" target=\"&#039;_blank&#039;\" rel=\"noopener\"><br \/>\n <img decoding=\"async\" src=\"https:\/\/robollahotelcorfu.com\/wp-content\/uploads\/2023\/04\/Google-Reviews-robolla.jpg\" alt=\"Google-Reviews-robolla\" data-maxdpr=\"1.7\" width=\"250\" class=\"lazyload\" \/> <\/a><br \/>\n <img decoding=\"async\" src=\"https:\/\/cf.bstatic.com\/static\/img\/identity\/profile\/b47cd0e05ec8b7831167f4f7593ead56402a6bb4.svg\" alt=\"\u0141ukasz\" \/> \u0141ukasz 04\/05\/2023 10 Exceptional <img decoding=\"async\" src=\"https:\/\/lh3.googleusercontent.com\/a\/AItbvmm48rOPpytqGMwD08IhLvg9fiF-O_OP9P0Pse_P=s96-c\" alt=\"Olena\" \/> Olena 09\/01\/2023 10 \u263a\u0434\u0443\u0436\u0435 \u0433\u0430\u0440\u043d\u0438\u0439 \u0433\u043e\u0442\u0435\u043b\u044c <img decoding=\"async\" src=\"https:\/\/cf.bstatic.com\/static\/img\/review\/avatars\/ava-s\/d321d61d78a8fa310843e1967dca38e6276b92aa.png\" alt=\"Stefano\" \/> Stefano 28\/10\/2022 10 Exceptional <img decoding=\"async\" src=\"https:\/\/lh6.googleusercontent.com\/-R2f-axX05d8\/AAAAAAAAAAI\/AAAAAAAAbN4\/_slaRp8I9I4\/photo.jpg\" alt=\"Maximilian\" \/> Maximilian 27\/10\/2022 9.0 Kann man empfehlen und wir kommen gerne wieder<br \/>\n\u263aFreundliches Personal, tolle Lage\/direkt am Meer, sch\u00f6ne Zimmer, etwas gehobene sowie moderne Ausstattung und gutes Preis\/Leistungsverh\u00e4ltnis. Die Mitarbeiter waren aufmerksam und auch stets sehr nett zu unserem knapp drei Jahre alten Sohn \ud83d\ude42<br \/>\n\u2639Im Grunde gibt es eigentlich nichts zu meckern. Kinderbetreuung f\u00fcr einige Stunden w\u00e4re sch\u00f6n <img decoding=\"async\" src=\"https:\/\/graph.facebook.com\/v2.9\/10210752943120159\/picture?type=square&#038;height=64&#038;width=64\" alt=\"Biegan\" \/> Biegan 01\/10\/2022 10 Fantastyczne miejsce \ud83d\ude42<br \/>\n\u263aPokoje komfortowe dok\u0142adnie takie same jak na zdj\u0119ciach.<br \/>\nNowy o\u015brodek.<br \/>\nBaseny na terenie o\u015brodka oraz bliski dost\u0119p do prywatnej piaszczystej pla\u017cy.<br \/>\n10 min spacerem do najbli\u017cszej miejscowo\u015bci Rodo.<br \/>\nSuper \u015bniadania z fantastyczn\u0105 obs\u0142ug\u0105.<br \/>\nDobre obiadokolacje, cho\u0107 my postawili\u015bmy na obiady w pobliskich tawernach. <img decoding=\"async\" src=\"https:\/\/cf.bstatic.com\/static\/img\/review\/avatars\/ava-a\/2c7be68fb3f987f1352e7b289d4b24137e1a283d.png\" alt=\"Anda\" \/> Anda 29\/09\/2022 9.0 Superb<br \/>\n\u263a Location, hotel on the beach with perfect sand. <img decoding=\"async\" src=\"https:\/\/cdn.trustindex.io\/assets\/default-avatar\/noprofile-09.svg\" alt=\"Edmund\" \/> Edmund 27\/09\/2022 10 \u263aAlles<br \/>\n\u2639Keine M\u00e4ngel<br \/>\n <a class=\"fw-block-image-child fw-ratio-16-9 fw-ratio-container \" href=\"https:\/\/www.booking.com\/hotel\/gr\/robolla-beach-aparthotel.el.html\" target=\"&#039;_blank&#039;\" rel=\"noopener\"><br \/>\n <img decoding=\"async\" src=\"https:\/\/robollahotelcorfu.com\/wp-content\/uploads\/2023\/04\/logo-booking-robolla.jpg\" alt=\"logo-booking-robolla\" data-maxdpr=\"1.7\" width=\"250\" class=\"lazyload\" \/> <\/a><br \/>\n<a href=\"https:\/\/www.facebook.com\/people\/Robolla-Beach-Aparthotel\/100057593402376\/\"><\/a><a href=\"https:\/\/www.instagram.com\/robollabeach\/?hl=el\"><\/a>Robolla Beach Apart Hotel, Roda 49081 Korfu<\/p>\n<p><!-- 93bf69b375dc6a7aa39caa56b6edca3d --><\/div>\n","protected":false},"excerpt":{"rendered":"<p>setREVStartSize({c: &#8218;rev_slider_32_1&#8242;,rl:[1240,1240,1240,480],el:[800,800,800,720],gw:[1900,1900,1900,480],gh:[800,800,800,720],type:&#8217;standard&#8216;,justify:&#8220;,layout:&#8217;fullwidth&#8216;,mh:&#8220;500PX&#8220;});if (window.RS_MODULES!==undefined &#038;&#038; window.RS_MODULES.modules!==undefined &#038;&#038; window.RS_MODULES.modules[&#8222;revslider321&#8220;]!==undefined) {window.RS_MODULES.modules[&#8222;revslider321&#8220;].once = false;window.revapi32 = undefined;if (window.RS_MODULES.checkMinimal!==undefined) window.RS_MODULES.checkMinimal()} Robolla Beach Aparthotel Traditionelle Gastfreundschaft in modernem Ambiente Errichtet am Rande des Sandstrandes von Roda im Norden von Korfu, in der N\u00e4he des Ortes, wo laut Legende der lange leidende Odysseus Zuflucht fand, basiert das Robolla Beach Aparthotel seine Betriebsprinzipien auf [&hellip;]<\/p>\n","protected":false},"author":1,"featured_media":0,"parent":0,"menu_order":0,"comment_status":"closed","ping_status":"closed","template":"visual-builder-template.php","meta":{"footnotes":""},"aioseo_notices":[],"_links":{"self":[{"href":"https:\/\/robollahotelcorfu.com\/de\/wp-json\/wp\/v2\/pages\/7482"}],"collection":[{"href":"https:\/\/robollahotelcorfu.com\/de\/wp-json\/wp\/v2\/pages"}],"about":[{"href":"https:\/\/robollahotelcorfu.com\/de\/wp-json\/wp\/v2\/types\/page"}],"author":[{"embeddable":true,"href":"https:\/\/robollahotelcorfu.com\/de\/wp-json\/wp\/v2\/users\/1"}],"replies":[{"embeddable":true,"href":"https:\/\/robollahotelcorfu.com\/de\/wp-json\/wp\/v2\/comments?post=7482"}],"version-history":[{"count":31,"href":"https:\/\/robollahotelcorfu.com\/de\/wp-json\/wp\/v2\/pages\/7482\/revisions"}],"predecessor-version":[{"id":9264,"href":"https:\/\/robollahotelcorfu.com\/de\/wp-json\/wp\/v2\/pages\/7482\/revisions\/9264"}],"wp:attachment":[{"href":"https:\/\/robollahotelcorfu.com\/de\/wp-json\/wp\/v2\/media?parent=7482"}],"curies":[{"name":"wp","href":"https:\/\/api.w.org\/{rel}","templated":true}]}}