{"id":7491,"date":"2022-09-19T10:54:01","date_gmt":"2022-09-19T10:54:01","guid":{"rendered":"https:\/\/robollahotelcorfu.com\/apartments-studios\/"},"modified":"2024-04-16T07:25:30","modified_gmt":"2024-04-16T07:25:30","slug":"apartments-studios-apartments-und-studios-roda-korfu","status":"publish","type":"page","link":"https:\/\/robollahotelcorfu.com\/de\/apartments-studios-apartments-und-studios-roda-korfu\/","title":{"rendered":"Zimmer"},"content":{"rendered":"<div class=\"fw-page-builder-content\">\n<h1 class=\"fw-special-title\">Apartments<\/h1>\n<p> W\u00c4HLEN SIE IHR APARTMENT AUS<br \/>\n <a class=\"fw-block-image-child fw-noratio fw-ratio-container \" href=\"\/de\/studio-renovated-apartments-und-studios-roda-korfu\/\" ><br \/>\n <img decoding=\"async\" src=\"https:\/\/robollahotelcorfu.com\/wp-content\/uploads\/2024\/04\/Studio-Renovated-Apart.jpg\" alt=\"Studio Renovated &#8211; Apart.\" data-maxdpr=\"1.7\" class=\"lazyload\" \/><br \/>\n <\/a><\/p>\n<h6 class=\"fw-special-title\">STUDIO RENOVATED<\/h6>\n<p> 22 40m\u00b2<br \/>\n <a class=\"fw-block-image-child fw-noratio fw-ratio-container \" href=\"\/de\/studio-deluxe-apartments-und-studios-roda-korfu\/\" ><br \/>\n <img decoding=\"async\" src=\"https:\/\/robollahotelcorfu.com\/wp-content\/uploads\/2024\/04\/Studio-Deluxe-Apart-1.jpg\" alt=\"Studio Deluxe &#8211; Apart.\" data-maxdpr=\"1.7\" class=\"lazyload\" \/><br \/>\n <\/a><\/p>\n<h6 class=\"fw-special-title\">STUDIO DELUXE<\/h6>\n<p> 21 35m\u00b2<br \/>\n <a class=\"fw-block-image-child fw-noratio fw-ratio-container \" href=\"\/de\/studio-promo-apartments-und-studios-roda-korfu\/\" ><br \/>\n <img decoding=\"async\" src=\"https:\/\/robollahotelcorfu.com\/wp-content\/uploads\/2024\/04\/Studio-Promo-Apart.jpg\" alt=\"Studio Promo &#8211; Apart.\" data-maxdpr=\"1.7\" class=\"lazyload\" \/><br \/>\n <\/a><\/p>\n<h6 class=\"fw-special-title\">STUDIO PROMO<\/h6>\n<p> 21 35m\u00b2<br \/>\n <a class=\"fw-block-image-child fw-noratio fw-ratio-container \" href=\"\/de\/studio-superior-apartments-und-studios-roda-korfu\/\" ><br \/>\n <img decoding=\"async\" src=\"https:\/\/robollahotelcorfu.com\/wp-content\/uploads\/2024\/04\/Studio-Superior-Apart.jpg\" alt=\"Studio Superior &#8211; Apart.\" data-maxdpr=\"1.7\" class=\"lazyload\" \/><br \/>\n <\/a><\/p>\n<h6 class=\"fw-special-title\">STUDIO SUPERIOR<\/h6>\n<p> 22 40m\u00b2<br \/>\n <a class=\"fw-block-image-child fw-noratio fw-ratio-container \" href=\"\/de\/apartment-standard-apartments-und-studios-roda-korfu\/\" ><br \/>\n <img decoding=\"async\" src=\"https:\/\/robollahotelcorfu.com\/wp-content\/uploads\/2024\/04\/Apart.-Standard-Apart.jpg\" alt=\"Apart. Standard &#8211; Apart.\" data-maxdpr=\"1.7\" class=\"lazyload\" \/><br \/>\n <\/a><\/p>\n<h6 class=\"fw-special-title\">APARTMENT STANDARD<\/h6>\n<p> 22 45m\u00b2<br \/>\n <a class=\"fw-block-image-child fw-noratio fw-ratio-container \" href=\"\/de\/apartment-deluxe-apartments-und-studios-roda-korfu\/\" ><br \/>\n <img decoding=\"async\" src=\"https:\/\/robollahotelcorfu.com\/wp-content\/uploads\/2024\/04\/Apart-Deluxe-Apart.jpg\" alt=\"Apart Deluxe &#8211; Apart.\" data-maxdpr=\"1.7\" class=\"lazyload\" \/><br \/>\n <\/a><\/p>\n<h6 class=\"fw-special-title\">APARTMENT DELUXE<\/h6>\n<p> 22 45m\u00b2<br \/>\n <a class=\"fw-block-image-child fw-noratio fw-ratio-container \" href=\"\/de\/apartment-superior-apartments-und-studios-roda-korfu\/\" ><br \/>\n <img decoding=\"async\" src=\"https:\/\/robollahotelcorfu.com\/wp-content\/uploads\/2024\/04\/Apart.-Superior-Apart.jpg\" alt=\"Apart. Superior &#8211; Apart.\" data-maxdpr=\"1.7\" class=\"lazyload\" \/><br \/>\n <\/a><\/p>\n<h6 class=\"fw-special-title\">APARTMENT SUPERIOR<\/h6>\n<p> 22 45m\u00b2<br \/>\n <a class=\"fw-block-image-child fw-noratio fw-ratio-container \" href=\"\/de\/apartment-relax-apartments-and-studios-roda-corfu\/\" ><br \/>\n <img decoding=\"async\" src=\"https:\/\/robollahotelcorfu.com\/wp-content\/uploads\/2024\/04\/Apart-Relax-Apart.jpg\" alt=\"Apart Relax &#8211; Apart\" data-maxdpr=\"1.7\" class=\"lazyload\" \/><br \/>\n <\/a><\/p>\n<h6 class=\"fw-special-title\">APARTMENT RELAX<\/h6>\n<p> 21 45m\u00b2<br \/>\n <a class=\"fw-block-image-child fw-noratio fw-ratio-container \" href=\"\/de\/2-bedroom-apartment-apartments-und-studios-roda-korfu\/\" ><br \/>\n <img decoding=\"async\" src=\"https:\/\/robollahotelcorfu.com\/wp-content\/uploads\/2024\/04\/2-Bedrooms-Apart.jpg\" alt=\"2 Bedrooms Apart\" data-maxdpr=\"1.7\" class=\"lazyload\" \/><br \/>\n <\/a><\/p>\n<h6 class=\"fw-special-title\">2 Bedroom Apartment<\/h6>\n<p> 23 50m\u00b2<\/p>\n<h2 class=\"fw-special-title\">Was unsere G\u00e4ste sagen:<\/h2>\n<p> UNSERE BEWERTUNGEN<br \/>\n <img decoding=\"async\" src=\"https:\/\/lh3.googleusercontent.com\/a-\/ALV-UjXWNLGENTIoGZt7jDq2mtynvClqu2TaLAa1QsVXHAZ4qY8=s120-c-rp-mo-br100\" alt=\"\u03a7\u03a1\u0399\u03a3\u03a4\u0399\u039d\u0391 \u0391\u03a1\u0393\u03a5\u03a1\u039f\u039a\u0391\u03a3\u03a4\u03a1\u0399\u03a4\u0397\" \/> \u03a7\u03a1\u0399\u03a3\u03a4\u0399\u039d\u0391 \u0391\u03a1\u0393\u03a5\u03a1\u039f\u039a\u0391\u03a3\u03a4\u03a1\u0399\u03a4\u0397 19\/10\/2023 <img decoding=\"async\" src=\"https:\/\/lh3.googleusercontent.com\/a\/ACg8ocJftdW7KSwkhmPuGdJNE7uHi10-x6EfQfpQ51sBysLw=s120-c-rp-mo-br100\" alt=\"Peter Parthum\" \/> Peter Parthum 09\/10\/2023 Wir waren 2 Wochen im September. Sind sehr zufrieden, Personal war sehr freundlich und hilfsbereit. Zimmer wurden gut gereinigt. Halbpension war bis auf kleine Ausnahmen sehr gut und es war f\u00fcr jeden Geschmack etwas dabei. Es ist auf jeden Fall zu empfehlen, f\u00fcr Urlauber ohne Kinder am besten au\u00dferhalb der Saison. Wir kommen auf jeden Fall wieder. <img decoding=\"async\" src=\"https:\/\/lh3.googleusercontent.com\/a\/ACg8ocKXbTNSGL0__rl_ILK_qb0_-QKymLLRYGmHPl5bqfVw=s120-c-rp-mo-br100\" alt=\"Tanja Kuchenreuther\" \/> Tanja Kuchenreuther 08\/10\/2023 Wir hatten einen wundersch\u00f6nen Urlaub. Sehr sch\u00f6ne Anlage, freundliches Personal, gutes Essen. Wir haben uns gut erholt und kommen gerne wieder <img decoding=\"async\" src=\"https:\/\/lh3.googleusercontent.com\/a\/ACg8ocKkfOoM1emyHKf4JcZ29N01w2VvsYo3c5zbJ35i1U4kag=s120-c-rp-mo-ba4-br100\" alt=\"M M\" \/> M M 08\/10\/2023 Alles top, kamer groot genoeg met airco, zicht op zee, veel volk maar toch rustig, personeel heel vriendelijk&#8230;<br \/>\n <a class=\"fw-block-image-child fw-noratio fw-ratio-container \" href=\"https:\/\/www.google.com\/search?q=robolla+beach+aparthotel&#038;bih=1062&#038;biw=2112&#038;hl=el&#038;ei=mc4vZOqMNNGRsAfgqJnQBg&#038;hotel_occupancy=2&#038;gs_ssp=eJwFwTEOgCAMAMC4mrg7sjhDxYr6BH9RsEpiE5Aw8Hzv-kE_GiBkLO-XxXTHZBpY9AuyCXZj5284TFv3cDEjIToGN9tzLMknEVKeKURFmUqNqbL8uS0ZBA&#038;oq=robolla+beach+&#038;gs_lcp=Cgxnd3Mtd2l6LXNlcnAQARgAMg4ILhCvARDHARCABBDqBDIFCAAQgAQyBggAEBYQHjIGCAAQFhAeMgYIABAWEB4yBggAEBYQHjIGCAAQFhAeMgYIABAWEB4yBggAEBYQHjIGCAAQFhAeMhkILhCvARDHARCABBDqBBDcBBDeBBDgBBgCOgoIABBHENYEELADOgoIABCKBRCwAxBDOhUILhCKBRDHARCvARDIAxCwAxBDGAE6FQguEK8BEMcBEIoFEMgDELADEEMYAToPCC4QigUQyAMQsAMQQxgBSgQIQRgAUPQFWJsRYPo8aAJwAXgAgAGBAYgB7AKSAQMwLjOYAQCgAQHIARTAAQHaAQYIARABGAjaAQYIAhABGBQ&#038;sclient=gws-wiz-serp\" target=\"&#039;_blank&#039;\" rel=\"noopener\"><br \/>\n <img decoding=\"async\" src=\"https:\/\/robollahotelcorfu.com\/wp-content\/uploads\/2023\/04\/Google-Reviews-robolla.jpg\" alt=\"Google-Reviews-robolla\" data-maxdpr=\"1.7\" width=\"250\" class=\"lazyload\" \/> <\/a><br \/>\n <img decoding=\"async\" src=\"https:\/\/cf.bstatic.com\/static\/img\/review\/avatars\/ava-c\/315f92289c481a16de5ee7737aa1b5fd531afcce.png\" alt=\"Clelia\" \/> Clelia 07\/07\/2023 10 Exceptional <img decoding=\"async\" src=\"https:\/\/lh3.googleusercontent.com\/-XdUIqdMkCWA\/AAAAAAAAAAI\/AAAAAAAAAAA\/4252rscbv5M\/photo.jpg?sz=50\" alt=\"Adam\" \/> Adam 29\/06\/2023 10 Exceptional<br \/>\n\u263a Robolla is a beautiful resort. The room with a view was incredible! There was a bottle of wine there for us when we arrived.<br \/>\nThe beach bar and restaurant was amazing. The most incredible staff that made us feel welcomed and honestly, like family!<br \/>\nThe complementary breakfast was a wonderful way to start each day.<br \/>\nRoda was a short walk on the beach to great shops and restaurants.<br \/>\nWe utilized the shop, gym, as well as the spa for a massage.<br \/>\nWe will definitely be back!<br \/>\n\u2639 The front desk requires a cash deposit for towel rental. However, they do not have an ATM, nor do they let you charge it to the room or credit card. They said that we had to walk to an ATM in Roda to get cash in order to get a pool towel.<br \/>\nWe were not told that we needed to keep the towels or that we would be charged every time we got towels.<br \/>\nThey just showed us the bin to return them. <img decoding=\"async\" src=\"https:\/\/graph.facebook.com\/v2.9\/1852993398070356\/picture?type=square&#038;height=64&#038;width=64\" alt=\"Ugis\" \/> Ugis 22\/06\/2023 9.0 Wonderful <img decoding=\"async\" src=\"https:\/\/cf.bstatic.com\/static\/img\/review\/avatars\/ava-k\/c84a361d670170a23bc2e937798fc23520f61c43.png\" alt=\"Katarzyna\" \/> Katarzyna 21\/06\/2023 10 Amazing<br \/>\n\u263a Beautiful sea view from room, delicious breakfast, 10min by walk to the city center, nice and helpfull staff<br \/>\n <a class=\"fw-block-image-child fw-ratio-16-9 fw-ratio-container \" href=\"https:\/\/www.booking.com\/hotel\/gr\/robolla-beach-aparthotel.el.html\" target=\"&#039;_blank&#039;\" rel=\"noopener\"><br \/>\n <img decoding=\"async\" src=\"https:\/\/robollahotelcorfu.com\/wp-content\/uploads\/2023\/04\/logo-booking-robolla.jpg\" alt=\"logo-booking-robolla\" data-maxdpr=\"1.7\" width=\"250\" class=\"lazyload\" \/> <\/a><br \/>\n<a href=\"https:\/\/www.facebook.com\/people\/Robolla-Beach-Aparthotel\/100057593402376\/\"><\/a><a href=\"https:\/\/www.instagram.com\/robollabeach\/?hl=el\"><\/a>Robolla Beach Apart Hotel, Roda 49081 Korfu<\/p>\n<p><!-- b58291886efa3a2fbb877540c2ac564d --><\/div>\n","protected":false},"excerpt":{"rendered":"<p>Apartments W\u00c4HLEN SIE IHR APARTMENT AUS STUDIO RENOVATED 22 40m\u00b2 STUDIO DELUXE 21 35m\u00b2 STUDIO PROMO 21 35m\u00b2 STUDIO SUPERIOR 22 40m\u00b2 APARTMENT STANDARD 22 45m\u00b2 APARTMENT DELUXE 22 45m\u00b2 APARTMENT SUPERIOR 22 45m\u00b2 APARTMENT RELAX 21 45m\u00b2 2 Bedroom Apartment 23 50m\u00b2 Was unsere G\u00e4ste sagen: UNSERE BEWERTUNGEN \u03a7\u03a1\u0399\u03a3\u03a4\u0399\u039d\u0391 \u0391\u03a1\u0393\u03a5\u03a1\u039f\u039a\u0391\u03a3\u03a4\u03a1\u0399\u03a4\u0397 19\/10\/2023 Peter Parthum 09\/10\/2023 [&hellip;]<\/p>\n","protected":false},"author":1,"featured_media":0,"parent":0,"menu_order":0,"comment_status":"closed","ping_status":"closed","template":"visual-builder-template.php","meta":{"footnotes":""},"aioseo_notices":[],"_links":{"self":[{"href":"https:\/\/robollahotelcorfu.com\/de\/wp-json\/wp\/v2\/pages\/7491"}],"collection":[{"href":"https:\/\/robollahotelcorfu.com\/de\/wp-json\/wp\/v2\/pages"}],"about":[{"href":"https:\/\/robollahotelcorfu.com\/de\/wp-json\/wp\/v2\/types\/page"}],"author":[{"embeddable":true,"href":"https:\/\/robollahotelcorfu.com\/de\/wp-json\/wp\/v2\/users\/1"}],"replies":[{"embeddable":true,"href":"https:\/\/robollahotelcorfu.com\/de\/wp-json\/wp\/v2\/comments?post=7491"}],"version-history":[{"count":13,"href":"https:\/\/robollahotelcorfu.com\/de\/wp-json\/wp\/v2\/pages\/7491\/revisions"}],"predecessor-version":[{"id":10508,"href":"https:\/\/robollahotelcorfu.com\/de\/wp-json\/wp\/v2\/pages\/7491\/revisions\/10508"}],"wp:attachment":[{"href":"https:\/\/robollahotelcorfu.com\/de\/wp-json\/wp\/v2\/media?parent=7491"}],"curies":[{"name":"wp","href":"https:\/\/api.w.org\/{rel}","templated":true}]}}