{"id":7519,"date":"2022-09-19T12:23:00","date_gmt":"2022-09-19T12:23:00","guid":{"rendered":"https:\/\/robollahotelcorfu.com\/apartment-a5\/"},"modified":"2024-04-16T07:52:46","modified_gmt":"2024-04-16T07:52:46","slug":"2-bedroom-apartment-apartments-und-studios-roda-korfu","status":"publish","type":"page","link":"https:\/\/robollahotelcorfu.com\/de\/2-bedroom-apartment-apartments-und-studios-roda-korfu\/","title":{"rendered":"2 Bedroom Apartment"},"content":{"rendered":"<div class=\"fw-page-builder-content\">\n<h1 class=\"fw-special-title\">2 Bedroom Apartment<\/h1>\n<p>23 50m\u00b2<\/p>\n<p>Umgeben von wudersh\u00f6hnen G\u00e4rten bieten die k\u00fcrzlich renovierten Familienapartments die ideale Wahl f\u00fcr Familien mit Kindern. Mit einer Fl\u00e4che von etwa 50 Quadratmetern verf\u00fcgen diese ger\u00e4umigen Zimmer \u00fcber zwei Schlafzimmer (eines mit Doppelbett und das andere mit zwei Einzelbetten), eine voll ausgestattete K\u00fcche mit K\u00fchlschrank (Sandwichmaker, Kaffeemaschine, Entsafter, Wasserkocher, etc.), ein Badezimmer mit Badewanne und einen gem\u00fctlichen Balkon mit Tisch und St\u00fchlen. Zur Ausstattung geh\u00f6ren WLAN-Internetverbindung, Satelliten-TV, Haartrockner, Annehmlichkeiten, Klimaanlage und ein privater Safe.<\/p>\n<p> <a href=\"https:\/\/www.schauinsland-reisen.de\/product?iffcode=26064&amp;product_type=package\" target=\"_blank\" class=\"fw-btn tf-sh-cdb3c7bc92fd54779643d0e82f565222 fw-btn-md fw-btn-2\" style=\"\" rel=\"noopener\"><br \/>\n \u00a0 JETZT BUCHEN \u00a0<br \/>\n <\/a><\/p>\n<p class=\"rs-p-wp-fix\">\n<p> <img decoding=\"async\" loading=\"lazy\" src=\"\/\/robollahotelcorfu.com\/wp-content\/uploads\/2020\/04\/apartment-a5-6-ft.jpg\" alt=\"\" title=\"SONY DSC\" width=\"1000\" height=\"650\" class=\"rev-slidebg tp-rs-img\" data-bg=\"p:center top;\" data-no-retina><br \/>\n <img decoding=\"async\" loading=\"lazy\" src=\"\/\/robollahotelcorfu.com\/wp-content\/uploads\/2020\/04\/apartment-a5-5-ft.jpg\" alt=\"\" title=\"SONY DSC\" width=\"1000\" height=\"650\" class=\"rev-slidebg tp-rs-img\" data-bg=\"p:center top;\" data-no-retina><br \/>\n <img decoding=\"async\" loading=\"lazy\" src=\"\/\/robollahotelcorfu.com\/wp-content\/uploads\/2020\/04\/apartment-a5-4-ft.jpg\" alt=\"\" title=\"apartment-a5-4-ft\" width=\"1000\" height=\"650\" class=\"rev-slidebg tp-rs-img\" data-bg=\"p:center top;\" data-no-retina><br \/>\n <img decoding=\"async\" loading=\"lazy\" src=\"\/\/robollahotelcorfu.com\/wp-content\/uploads\/2020\/04\/apartment-a5-3-ft.jpg\" alt=\"\" title=\"apartment-a5-3-ft\" width=\"1000\" height=\"650\" class=\"rev-slidebg tp-rs-img\" data-bg=\"p:center top;\" data-no-retina><br \/>\n <img decoding=\"async\" loading=\"lazy\" src=\"\/\/robollahotelcorfu.com\/wp-content\/uploads\/2020\/04\/apartment-a5-2-ft.jpg\" alt=\"\" title=\"SONY DSC\" width=\"1000\" height=\"650\" class=\"rev-slidebg tp-rs-img\" data-bg=\"p:center top;\" data-no-retina><br \/>\n <img decoding=\"async\" loading=\"lazy\" src=\"\/\/robollahotelcorfu.com\/wp-content\/uploads\/2020\/04\/apartment-a5-1-ft.jpg\" alt=\"\" title=\"SONY DSC\" width=\"1000\" height=\"650\" class=\"rev-slidebg tp-rs-img\" data-bg=\"p:center top;\" data-no-retina><br \/>\n setREVStartSize({c: &#8218;rev_slider_27_1&#8242;,rl:[1240,1024,778,480],el:[],gw:[1070],gh:[576],type:&#8217;standard&#8216;,justify:&#8220;,layout:&#8217;fullwidth&#8216;,mh:&#8220;0&#8243;});if (window.RS_MODULES!==undefined &#038;&#038; window.RS_MODULES.modules!==undefined &#038;&#038; window.RS_MODULES.modules[&#8222;revslider271&#8220;]!==undefined) {window.RS_MODULES.modules[&#8222;revslider271&#8220;].once = false;window.revapi27 = undefined;if (window.RS_MODULES.checkMinimal!==undefined) window.RS_MODULES.checkMinimal()}<\/p>\n<h2 class=\"fw-special-title\">Einrichtungen &#038; Dienstleistungen<\/h2>\n<p> <img decoding=\"async\" src=\"\/\/robollahotelcorfu.com\/wp-content\/uploads\/2023\/04\/twin-bed.png\" alt=\"\" \/><\/p>\n<h4>ZWEIBETTZIMMER<\/h4>\n<p> <img decoding=\"async\" src=\"\/\/robollahotelcorfu.com\/wp-content\/uploads\/2023\/04\/double-bed.png\" alt=\"\" \/><\/p>\n<h4>DOPPELBETTZIMMER<\/h4>\n<p> <img decoding=\"async\" src=\"\/\/robollahotelcorfu.com\/wp-content\/uploads\/2022\/12\/bath-1.png\" alt=\"\" \/><\/p>\n<h4>BADWANNE<\/h4>\n<p> <img decoding=\"async\" src=\"\/\/robollahotelcorfu.com\/wp-content\/uploads\/2023\/04\/hair-dryer.png\" alt=\"\" \/><\/p>\n<h4>HAARTROCKNER<\/h4>\n<p> <img decoding=\"async\" src=\"\/\/robollahotelcorfu.com\/wp-content\/uploads\/2023\/04\/sea-view.png\" alt=\"\" \/><\/p>\n<h4>MEERBLICK (teilweise)<\/h4>\n<p> <img decoding=\"async\" src=\"\/\/robollahotelcorfu.com\/wp-content\/uploads\/2022\/12\/kitchen-1.png\" alt=\"\" \/><\/p>\n<h4>VOLL AUSGESTATTETEK\u00dcCHENZEILE<\/h4>\n<p> <img decoding=\"async\" src=\"\/\/robollahotelcorfu.com\/wp-content\/uploads\/2023\/04\/refrigator.png\" alt=\"\" \/><\/p>\n<h4>K\u00dcHLSCHRANK<\/h4>\n<p> <img decoding=\"async\" src=\"\/\/robollahotelcorfu.com\/wp-content\/uploads\/2022\/12\/vrasti.png\" alt=\"\" \/><\/p>\n<h4>WASSERKOCHER<\/h4>\n<p> <img decoding=\"async\" src=\"\/\/robollahotelcorfu.com\/wp-content\/uploads\/2019\/05\/air.png\" alt=\"\" \/><\/p>\n<h4>KLIMAANLAGE<\/h4>\n<p> <img decoding=\"async\" src=\"\/\/robollahotelcorfu.com\/wp-content\/uploads\/2023\/04\/parking.png\" alt=\"\" \/><\/p>\n<h4>PARKPLATZ<\/h4>\n<p> <img decoding=\"async\" src=\"\/\/robollahotelcorfu.com\/wp-content\/uploads\/2019\/05\/wifi.png\" alt=\"\" \/><\/p>\n<h4>FREE WIFI<\/h4>\n<p> <img decoding=\"async\" src=\"\/\/robollahotelcorfu.com\/wp-content\/uploads\/2022\/12\/safeb.png\" alt=\"\" \/><\/p>\n<h4>SAFE(gegen Geb\u00fchr)<\/h4>\n<p> <img decoding=\"async\" src=\"\/\/robollahotelcorfu.com\/wp-content\/uploads\/2023\/04\/armchair-bed.png\" alt=\"\" \/><\/p>\n<h4>SCHLAFSESSEL<\/h4>\n<p> <img decoding=\"async\" src=\"\/\/robollahotelcorfu.com\/wp-content\/uploads\/2019\/05\/tv.png\" alt=\"\" \/><\/p>\n<h4>TV<\/h4>\n<h2 class=\"fw-special-title\">Was unsere G\u00e4ste sagen:<\/h2>\n<p> UNSERE BEWERTUNGEN<br \/>\n <img decoding=\"async\" src=\"https:\/\/lh3.googleusercontent.com\/a-\/ALV-UjXWNLGENTIoGZt7jDq2mtynvClqu2TaLAa1QsVXHAZ4qY8=s120-c-rp-mo-br100\" alt=\"\u03a7\u03a1\u0399\u03a3\u03a4\u0399\u039d\u0391 \u0391\u03a1\u0393\u03a5\u03a1\u039f\u039a\u0391\u03a3\u03a4\u03a1\u0399\u03a4\u0397\" \/> \u03a7\u03a1\u0399\u03a3\u03a4\u0399\u039d\u0391 \u0391\u03a1\u0393\u03a5\u03a1\u039f\u039a\u0391\u03a3\u03a4\u03a1\u0399\u03a4\u0397 19\/10\/2023 <img decoding=\"async\" src=\"https:\/\/lh3.googleusercontent.com\/a\/ACg8ocJftdW7KSwkhmPuGdJNE7uHi10-x6EfQfpQ51sBysLw=s120-c-rp-mo-br100\" alt=\"Peter Parthum\" \/> Peter Parthum 09\/10\/2023 Wir waren 2 Wochen im September. Sind sehr zufrieden, Personal war sehr freundlich und hilfsbereit. Zimmer wurden gut gereinigt. Halbpension war bis auf kleine Ausnahmen sehr gut und es war f\u00fcr jeden Geschmack etwas dabei. Es ist auf jeden Fall zu empfehlen, f\u00fcr Urlauber ohne Kinder am besten au\u00dferhalb der Saison. Wir kommen auf jeden Fall wieder. <img decoding=\"async\" src=\"https:\/\/lh3.googleusercontent.com\/a\/ACg8ocKXbTNSGL0__rl_ILK_qb0_-QKymLLRYGmHPl5bqfVw=s120-c-rp-mo-br100\" alt=\"Tanja Kuchenreuther\" \/> Tanja Kuchenreuther 08\/10\/2023 Wir hatten einen wundersch\u00f6nen Urlaub. Sehr sch\u00f6ne Anlage, freundliches Personal, gutes Essen. Wir haben uns gut erholt und kommen gerne wieder <img decoding=\"async\" src=\"https:\/\/lh3.googleusercontent.com\/a\/ACg8ocKkfOoM1emyHKf4JcZ29N01w2VvsYo3c5zbJ35i1U4kag=s120-c-rp-mo-ba4-br100\" alt=\"M M\" \/> M M 08\/10\/2023 Alles top, kamer groot genoeg met airco, zicht op zee, veel volk maar toch rustig, personeel heel vriendelijk&#8230;<br \/>\n <a class=\"fw-block-image-child fw-noratio fw-ratio-container \" href=\"https:\/\/www.google.com\/search?q=robolla+beach+aparthotel&#038;bih=1062&#038;biw=2112&#038;hl=el&#038;ei=mc4vZOqMNNGRsAfgqJnQBg&#038;hotel_occupancy=2&#038;gs_ssp=eJwFwTEOgCAMAMC4mrg7sjhDxYr6BH9RsEpiE5Aw8Hzv-kE_GiBkLO-XxXTHZBpY9AuyCXZj5284TFv3cDEjIToGN9tzLMknEVKeKURFmUqNqbL8uS0ZBA&#038;oq=robolla+beach+&#038;gs_lcp=Cgxnd3Mtd2l6LXNlcnAQARgAMg4ILhCvARDHARCABBDqBDIFCAAQgAQyBggAEBYQHjIGCAAQFhAeMgYIABAWEB4yBggAEBYQHjIGCAAQFhAeMgYIABAWEB4yBggAEBYQHjIGCAAQFhAeMhkILhCvARDHARCABBDqBBDcBBDeBBDgBBgCOgoIABBHENYEELADOgoIABCKBRCwAxBDOhUILhCKBRDHARCvARDIAxCwAxBDGAE6FQguEK8BEMcBEIoFEMgDELADEEMYAToPCC4QigUQyAMQsAMQQxgBSgQIQRgAUPQFWJsRYPo8aAJwAXgAgAGBAYgB7AKSAQMwLjOYAQCgAQHIARTAAQHaAQYIARABGAjaAQYIAhABGBQ&#038;sclient=gws-wiz-serp\" target=\"&#039;_blank&#039;\" rel=\"noopener\"><br \/>\n <img decoding=\"async\" src=\"https:\/\/robollahotelcorfu.com\/wp-content\/uploads\/2023\/04\/Google-Reviews-robolla.jpg\" alt=\"Google-Reviews-robolla\" data-maxdpr=\"1.7\" width=\"250\" class=\"lazyload\" \/> <\/a><br \/>\n <img decoding=\"async\" src=\"https:\/\/cf.bstatic.com\/static\/img\/review\/avatars\/ava-c\/315f92289c481a16de5ee7737aa1b5fd531afcce.png\" alt=\"Clelia\" \/> Clelia 07\/07\/2023 10 Exceptional <img decoding=\"async\" src=\"https:\/\/lh3.googleusercontent.com\/-XdUIqdMkCWA\/AAAAAAAAAAI\/AAAAAAAAAAA\/4252rscbv5M\/photo.jpg?sz=50\" alt=\"Adam\" \/> Adam 29\/06\/2023 10 Exceptional<br \/>\n\u263a Robolla is a beautiful resort. The room with a view was incredible! There was a bottle of wine there for us when we arrived.<br \/>\nThe beach bar and restaurant was amazing. The most incredible staff that made us feel welcomed and honestly, like family!<br \/>\nThe complementary breakfast was a wonderful way to start each day.<br \/>\nRoda was a short walk on the beach to great shops and restaurants.<br \/>\nWe utilized the shop, gym, as well as the spa for a massage.<br \/>\nWe will definitely be back!<br \/>\n\u2639 The front desk requires a cash deposit for towel rental. However, they do not have an ATM, nor do they let you charge it to the room or credit card. They said that we had to walk to an ATM in Roda to get cash in order to get a pool towel.<br \/>\nWe were not told that we needed to keep the towels or that we would be charged every time we got towels.<br \/>\nThey just showed us the bin to return them. <img decoding=\"async\" src=\"https:\/\/graph.facebook.com\/v2.9\/1852993398070356\/picture?type=square&#038;height=64&#038;width=64\" alt=\"Ugis\" \/> Ugis 22\/06\/2023 9.0 Wonderful <img decoding=\"async\" src=\"https:\/\/cf.bstatic.com\/static\/img\/review\/avatars\/ava-k\/c84a361d670170a23bc2e937798fc23520f61c43.png\" alt=\"Katarzyna\" \/> Katarzyna 21\/06\/2023 10 Amazing<br \/>\n\u263a Beautiful sea view from room, delicious breakfast, 10min by walk to the city center, nice and helpfull staff<br \/>\n <a class=\"fw-block-image-child fw-ratio-16-9 fw-ratio-container \" href=\"https:\/\/www.booking.com\/hotel\/gr\/robolla-beach-aparthotel.el.html\" target=\"&#039;_blank&#039;\" rel=\"noopener\"><br \/>\n <img decoding=\"async\" src=\"https:\/\/robollahotelcorfu.com\/wp-content\/uploads\/2023\/04\/logo-booking-robolla.jpg\" alt=\"logo-booking-robolla\" data-maxdpr=\"1.7\" width=\"250\" class=\"lazyload\" \/> <\/a><br \/>\n<a href=\"https:\/\/www.facebook.com\/people\/Robolla-Beach-Aparthotel\/100057593402376\/\"><\/a><a href=\"https:\/\/www.instagram.com\/robollabeach\/?hl=el\"><\/a>Robolla Beach Apart Hotel, Roda 49081 Korfu<\/p>\n<p><!-- a2a6ceb6d72963b91eb87252b091135b --><\/div>\n","protected":false},"excerpt":{"rendered":"<p>2 Bedroom Apartment 23 50m\u00b2 Umgeben von wudersh\u00f6hnen G\u00e4rten bieten die k\u00fcrzlich renovierten Familienapartments die ideale Wahl f\u00fcr Familien mit Kindern. Mit einer Fl\u00e4che von etwa 50 Quadratmetern verf\u00fcgen diese ger\u00e4umigen Zimmer \u00fcber zwei Schlafzimmer (eines mit Doppelbett und das andere mit zwei Einzelbetten), eine voll ausgestattete K\u00fcche mit K\u00fchlschrank (Sandwichmaker, Kaffeemaschine, Entsafter, Wasserkocher, etc.), [&hellip;]<\/p>\n","protected":false},"author":1,"featured_media":0,"parent":0,"menu_order":0,"comment_status":"closed","ping_status":"closed","template":"visual-builder-template.php","meta":{"footnotes":""},"aioseo_notices":[],"_links":{"self":[{"href":"https:\/\/robollahotelcorfu.com\/de\/wp-json\/wp\/v2\/pages\/7519"}],"collection":[{"href":"https:\/\/robollahotelcorfu.com\/de\/wp-json\/wp\/v2\/pages"}],"about":[{"href":"https:\/\/robollahotelcorfu.com\/de\/wp-json\/wp\/v2\/types\/page"}],"author":[{"embeddable":true,"href":"https:\/\/robollahotelcorfu.com\/de\/wp-json\/wp\/v2\/users\/1"}],"replies":[{"embeddable":true,"href":"https:\/\/robollahotelcorfu.com\/de\/wp-json\/wp\/v2\/comments?post=7519"}],"version-history":[{"count":9,"href":"https:\/\/robollahotelcorfu.com\/de\/wp-json\/wp\/v2\/pages\/7519\/revisions"}],"predecessor-version":[{"id":10543,"href":"https:\/\/robollahotelcorfu.com\/de\/wp-json\/wp\/v2\/pages\/7519\/revisions\/10543"}],"wp:attachment":[{"href":"https:\/\/robollahotelcorfu.com\/de\/wp-json\/wp\/v2\/media?parent=7519"}],"curies":[{"name":"wp","href":"https:\/\/api.w.org\/{rel}","templated":true}]}}