{"id":7522,"date":"2022-09-19T12:30:31","date_gmt":"2022-09-19T12:30:31","guid":{"rendered":"https:\/\/robollahotelcorfu.com\/facilities\/"},"modified":"2025-03-04T13:50:15","modified_gmt":"2025-03-04T13:50:15","slug":"einrichtungen-apartments-und-studios-roda-korfu","status":"publish","type":"page","link":"https:\/\/robollahotelcorfu.com\/de\/einrichtungen-apartments-und-studios-roda-korfu\/","title":{"rendered":"Einrichtungen"},"content":{"rendered":"<div class=\"fw-page-builder-content\">\n<h1 class=\"fw-special-title\">Einrichtungen<\/h1>\n<p> Schwimmbecken<\/p>\n<p>Genie\u00dfen Sie einen ganzen Tag am Pool, w\u00e4hrend Sie auf Ihrem Liegestuhl entspannen oder im Pool schwimmen und den Horizont betrachten. Das Robolla Beach Aparthotel bietet zwei verschiedene Pools f\u00fcr Ihre Bequemlichkeit an, sowie nat\u00fcrlich auch Pools, die f\u00fcr unsere kleinen Freunde geeignet sind.<\/p>\n<p class=\"rs-p-wp-fix\">\n<p> <img decoding=\"async\" loading=\"lazy\" src=\"\/\/robollahotelcorfu.com\/wp-content\/uploads\/2019\/06\/pool-bar-4.jpg\" alt=\"Pool Bar | Robolla Beach Aparthotel Roda Corfu\" title=\"Pool Bar | Robolla Beach Aparthotel Roda Corfu\" width=\"824\" height=\"529\" class=\"rev-slidebg tp-rs-img\" data-bg=\"p:right top;\" data-no-retina><br \/>\n <img decoding=\"async\" loading=\"lazy\" src=\"\/\/robollahotelcorfu.com\/wp-content\/uploads\/2019\/06\/pool-bar-2.jpg\" alt=\"Pool Bar | Robolla Beach Aparthotel Roda Corfu\" title=\"Pool Bar | Robolla Beach Aparthotel Roda Corfu\" width=\"824\" height=\"529\" class=\"rev-slidebg tp-rs-img\" data-bg=\"p:right top;\" data-no-retina><br \/>\n <img decoding=\"async\" loading=\"lazy\" src=\"\/\/robollahotelcorfu.com\/wp-content\/uploads\/2019\/08\/pool-robolla.jpg\" alt=\"\" title=\"pool-robolla\" width=\"824\" height=\"529\" class=\"rev-slidebg tp-rs-img\" data-bg=\"p:right top;\" data-no-retina><br \/>\n <img decoding=\"async\" loading=\"lazy\" src=\"\/\/robollahotelcorfu.com\/wp-content\/uploads\/2019\/08\/swimming-pool-robolla.jpg\" alt=\"\" title=\"swimming-pool-robolla\" width=\"824\" height=\"529\" class=\"rev-slidebg tp-rs-img\" data-bg=\"p:right top;\" data-no-retina><br \/>\n <img decoding=\"async\" loading=\"lazy\" src=\"\/\/robollahotelcorfu.com\/wp-content\/uploads\/2019\/06\/swimming-pool-robolla-hotel.jpg\" alt=\"\" title=\"swimming-pool-robolla-hotel\" width=\"824\" height=\"529\" class=\"rev-slidebg tp-rs-img\" data-bg=\"p:right top;\" data-no-retina><br \/>\n setREVStartSize({c: &#8218;rev_slider_14_1&#8242;,rl:[1240,1024,778,480],el:[529],gw:[824],gh:[529],type:&#8217;standard&#8216;,justify:&#8220;,layout:&#8217;fullwidth&#8216;,mh:&#8220;0&#8243;});if (window.RS_MODULES!==undefined &#038;&#038; window.RS_MODULES.modules!==undefined &#038;&#038; window.RS_MODULES.modules[&#8222;revslider141&#8220;]!==undefined) {window.RS_MODULES.modules[&#8222;revslider141&#8220;].once = false;window.revapi14 = undefined;if (window.RS_MODULES.checkMinimal!==undefined) window.RS_MODULES.checkMinimal()}<\/p>\n<p class=\"rs-p-wp-fix\">\n<p> <img decoding=\"async\" loading=\"lazy\" src=\"\/\/robollahotelcorfu.com\/wp-content\/uploads\/2023\/04\/beach-slider-1.jpg\" alt=\"\" title=\"beach-slider-1\" width=\"824\" height=\"529\" class=\"rev-slidebg tp-rs-img\" data-bg=\"p:right top;\" data-no-retina><br \/>\n <img decoding=\"async\" loading=\"lazy\" src=\"\/\/robollahotelcorfu.com\/wp-content\/uploads\/2023\/04\/beach-slider-2.jpg\" alt=\"\" title=\"beach-slider-2\" width=\"824\" height=\"529\" class=\"rev-slidebg tp-rs-img\" data-bg=\"p:right top;\" data-no-retina><br \/>\n <img decoding=\"async\" loading=\"lazy\" src=\"\/\/robollahotelcorfu.com\/wp-content\/uploads\/2023\/04\/beach-slider-3.jpg\" alt=\"\" title=\"beach-slider-3\" width=\"824\" height=\"529\" class=\"rev-slidebg tp-rs-img\" data-bg=\"p:right top;\" data-no-retina><br \/>\n <img decoding=\"async\" loading=\"lazy\" src=\"\/\/robollahotelcorfu.com\/wp-content\/uploads\/2023\/04\/beach-slider-4.jpg\" alt=\"\" title=\"beach-slider-4\" width=\"824\" height=\"529\" class=\"rev-slidebg tp-rs-img\" data-bg=\"p:right top;\" data-no-retina><br \/>\n setREVStartSize({c: &#8218;rev_slider_41_2&#8242;,rl:[1240,1024,778,480],el:[529],gw:[824],gh:[529],type:&#8217;standard&#8216;,justify:&#8220;,layout:&#8217;fullwidth&#8216;,mh:&#8220;0&#8243;});if (window.RS_MODULES!==undefined &#038;&#038; window.RS_MODULES.modules!==undefined &#038;&#038; window.RS_MODULES.modules[&#8222;revslider412&#8220;]!==undefined) {window.RS_MODULES.modules[&#8222;revslider412&#8220;].once = false;window.revapi41 = undefined;if (window.RS_MODULES.checkMinimal!==undefined) window.RS_MODULES.checkMinimal()}<br \/>\n Strand<\/p>\n<p>Das Robolla Beach Aparthotel bietet seinen G\u00e4sten direkten Zugang zu einem wundersch\u00f6nen Sandstrand direkt vor dem Resort. Die erfrischende Meeresbrise der Ionischen See und die warme Mittelmeersonne laden Sie ein, sch\u00f6ne Momente voller Entspannung, Spiele und Sorglosigkeit zu verbringen. Das Meer ist auch f\u00fcr unsere kleinen Freunde geeignet, da es mehrere Meter lang flach bleibt. Gleichzeitig k\u00f6nnen die G\u00e4ste des Robolla Beach Aparthotels am Strand die von dem Hotel angebotenen Sonnenliegen und Sonnenschirme vollst\u00e4ndig kostenlos genie\u00dfen. Nicht zuletzt verspricht die Thalassa &#8211; Beach Bar, Sie den ganzen Tag \u00fcber mit erfrischenden Cocktails, S\u00e4ften und k\u00f6stlichen Snacks zu begleiten.<\/p>\n<p> Fitnessraum<\/p>\n<p>Ob Sie nun Ihre regul\u00e4re Fitness-Routine aufrechterhalten oder sich nach einem anstrengenden Tag mit etwas Bewegung entspannen m\u00f6chten, das Fitnesscenter des Robolla Beach Hotels steht Ihnen zur Verf\u00fcgung. Das Fitnesscenter ist mit einem Laufband und einem Ellipsentrainer, einer Multifunktionsgewichtsmaschine ausgestattet, so dass ein vollst\u00e4ndiges Trainingsprogramm bequem durchgef\u00fchrt werden kann.\u00d6ffnungszeiten: 08.00 &#8211; 21.00 <\/p>\n<p class=\"rs-p-wp-fix\">\n<p> <img decoding=\"async\" loading=\"lazy\" src=\"\/\/robollahotelcorfu.com\/wp-content\/uploads\/2019\/08\/gym-4.jpg\" alt=\"Gym | Robolla Hotel Roda Corfu\" title=\"Gym | Robolla Hotel Roda Corfu\" width=\"824\" height=\"529\" class=\"rev-slidebg tp-rs-img\" data-bg=\"p:right top;\" data-no-retina><br \/>\n <img decoding=\"async\" loading=\"lazy\" src=\"\/\/robollahotelcorfu.com\/wp-content\/uploads\/2019\/08\/gym-3.jpg\" alt=\"Gym | Robolla Hotel Roda Corfu\" title=\"Gym | Robolla Hotel Roda Corfu\" width=\"824\" height=\"529\" class=\"rev-slidebg tp-rs-img\" data-bg=\"p:right top;\" data-no-retina><br \/>\n <img decoding=\"async\" loading=\"lazy\" src=\"\/\/robollahotelcorfu.com\/wp-content\/uploads\/2019\/08\/gym-2.jpg\" alt=\"Gym | Robolla Hotel Roda Corfu\" title=\"Gym | Robolla Hotel Roda Corfu\" width=\"824\" height=\"529\" class=\"rev-slidebg tp-rs-img\" data-bg=\"p:right top;\" data-no-retina><br \/>\n <img decoding=\"async\" loading=\"lazy\" src=\"\/\/robollahotelcorfu.com\/wp-content\/uploads\/2019\/08\/gym-1.jpg\" alt=\"Gym | Robolla Hotel Roda Corfu\" title=\"Gym | Robolla Hotel Roda Corfu\" width=\"824\" height=\"529\" class=\"rev-slidebg tp-rs-img\" data-bg=\"p:right top;\" data-no-retina><br \/>\n setREVStartSize({c: &#8218;rev_slider_24_3&#8242;,rl:[1240,1024,778,480],el:[529],gw:[824],gh:[529],type:&#8217;standard&#8216;,justify:&#8220;,layout:&#8217;fullwidth&#8216;,mh:&#8220;0&#8243;});if (window.RS_MODULES!==undefined &#038;&#038; window.RS_MODULES.modules!==undefined &#038;&#038; window.RS_MODULES.modules[&#8222;revslider243&#8220;]!==undefined) {window.RS_MODULES.modules[&#8222;revslider243&#8220;].once = false;window.revapi24 = undefined;if (window.RS_MODULES.checkMinimal!==undefined) window.RS_MODULES.checkMinimal()}<\/p>\n<p class=\"rs-p-wp-fix\">\n<p> <img decoding=\"async\" loading=\"lazy\" src=\"\/\/robollahotelcorfu.com\/wp-content\/uploads\/2023\/04\/beach-volley-robolla.jpg\" alt=\"\" title=\"beach-volley-robolla\" width=\"824\" height=\"529\" class=\"rev-slidebg tp-rs-img\" data-bg=\"p:right top;\" data-no-retina><br \/>\n setREVStartSize({c: &#8218;rev_slider_37_4&#8242;,rl:[1240,1024,778,480],el:[529],gw:[824],gh:[529],type:&#8217;standard&#8216;,justify:&#8220;,layout:&#8217;fullwidth&#8216;,mh:&#8220;0&#8243;});if (window.RS_MODULES!==undefined &#038;&#038; window.RS_MODULES.modules!==undefined &#038;&#038; window.RS_MODULES.modules[&#8222;revslider374&#8220;]!==undefined) {window.RS_MODULES.modules[&#8222;revslider374&#8220;].once = false;window.revapi37 = undefined;if (window.RS_MODULES.checkMinimal!==undefined) window.RS_MODULES.checkMinimal()}<br \/>\n Beachvolleyball-Boccia-Spielplatz<\/p>\n<p>Sportbegeisterte haben die M\u00f6glichkeit, in einer wundersch\u00f6nen Lage direkt am Meer Beachvolleyball zu spielen, dem beliebtesten Sommersport. Zus\u00e4tzlich gibt es einen Boccia-Platz und 2 Spielpl\u00e4tze f\u00fcr unsere kleinen Freunde.<\/p>\n<p> Lobby<\/p>\n<p>Die Hotellobby kann Ihren unterschiedlichen Bed\u00fcrfnissen gerecht werden. Genie\u00dfen Sie Ihren Kaffee oder Drink, w\u00e4hrend Sie Brettspiele spielen, ein Buch lesen oder die schnelle Internetverbindung nutzen.<\/p>\n<p class=\"rs-p-wp-fix\">\n<p> <img decoding=\"async\" loading=\"lazy\" src=\"\/\/robollahotelcorfu.com\/wp-content\/uploads\/2023\/04\/lobby-3.jpg\" alt=\"\" title=\"lobby-3\" width=\"824\" height=\"529\" class=\"rev-slidebg tp-rs-img\" data-bg=\"p:right top;\" data-no-retina><br \/>\n <img decoding=\"async\" loading=\"lazy\" src=\"\/\/robollahotelcorfu.com\/wp-content\/uploads\/2023\/04\/lobby-2.jpg\" alt=\"\" title=\"lobby-2\" width=\"824\" height=\"529\" class=\"rev-slidebg tp-rs-img\" data-bg=\"p:right top;\" data-no-retina><br \/>\n setREVStartSize({c: &#8218;rev_slider_38_5&#8242;,rl:[1240,1024,778,480],el:[529],gw:[824],gh:[529],type:&#8217;standard&#8216;,justify:&#8220;,layout:&#8217;fullwidth&#8216;,mh:&#8220;0&#8243;});if (window.RS_MODULES!==undefined &#038;&#038; window.RS_MODULES.modules!==undefined &#038;&#038; window.RS_MODULES.modules[&#8222;revslider385&#8220;]!==undefined) {window.RS_MODULES.modules[&#8222;revslider385&#8220;].once = false;window.revapi38 = undefined;if (window.RS_MODULES.checkMinimal!==undefined) window.RS_MODULES.checkMinimal()}<\/p>\n<p class=\"rs-p-wp-fix\">\n<p> <img decoding=\"async\" loading=\"lazy\" src=\"\/\/robollahotelcorfu.com\/wp-content\/uploads\/2023\/04\/spa-robolla.jpg\" alt=\"\" title=\"spa-robolla\" width=\"824\" height=\"529\" class=\"rev-slidebg tp-rs-img\" data-bg=\"p:right top;\" data-no-retina><br \/>\n setREVStartSize({c: &#8218;rev_slider_39_6&#8242;,rl:[1240,1024,778,480],el:[529],gw:[824],gh:[529],type:&#8217;standard&#8216;,justify:&#8220;,layout:&#8217;fullwidth&#8216;,mh:&#8220;0&#8243;});if (window.RS_MODULES!==undefined &#038;&#038; window.RS_MODULES.modules!==undefined &#038;&#038; window.RS_MODULES.modules[&#8222;revslider396&#8220;]!==undefined) {window.RS_MODULES.modules[&#8222;revslider396&#8220;].once = false;window.revapi39 = undefined;if (window.RS_MODULES.checkMinimal!==undefined) window.RS_MODULES.checkMinimal()}<br \/>\n Spa<\/p>\n<p>Im Hotelgel\u00e4nde k\u00f6nnen Sie Spa-Massage-Dienstleistungen in Anspruch nehmen. Weitere Informationen finden Sie auf der Website unserer Partner <a href=\"https:\/\/healspacorfu.webnode.gr\/\" target=\"_blank\" rel=\"noopener\">https:\/\/healspacorfu.webnode.gr\/<\/a><\/p>\n<p><a href=\"https:\/\/www.facebook.com\/people\/Robolla-Beach-Aparthotel\/100057593402376\/\"><\/a><a href=\"https:\/\/www.instagram.com\/robollabeach\/?hl=el\"><\/a>Robolla Beach Apart Hotel, Roda 49081 Korfu<\/p>\n<p><!-- 18862db0a882e5807b8b03a84f3cbbf5 --><\/div>\n","protected":false},"excerpt":{"rendered":"<p>Einrichtungen Schwimmbecken Genie\u00dfen Sie einen ganzen Tag am Pool, w\u00e4hrend Sie auf Ihrem Liegestuhl entspannen oder im Pool schwimmen und den Horizont betrachten. Das Robolla Beach Aparthotel bietet zwei verschiedene Pools f\u00fcr Ihre Bequemlichkeit an, sowie nat\u00fcrlich auch Pools, die f\u00fcr unsere kleinen Freunde geeignet sind. setREVStartSize({c: &#8218;rev_slider_14_1&#8242;,rl:[1240,1024,778,480],el:[529],gw:[824],gh:[529],type:&#8217;standard&#8216;,justify:&#8220;,layout:&#8217;fullwidth&#8216;,mh:&#8220;0&#8243;});if (window.RS_MODULES!==undefined &#038;&#038; window.RS_MODULES.modules!==undefined &#038;&#038; window.RS_MODULES.modules[&#8222;revslider141&#8220;]!==undefined) {window.RS_MODULES.modules[&#8222;revslider141&#8220;].once = [&hellip;]<\/p>\n","protected":false},"author":1,"featured_media":0,"parent":0,"menu_order":0,"comment_status":"closed","ping_status":"closed","template":"visual-builder-template.php","meta":{"footnotes":""},"aioseo_notices":[],"_links":{"self":[{"href":"https:\/\/robollahotelcorfu.com\/de\/wp-json\/wp\/v2\/pages\/7522"}],"collection":[{"href":"https:\/\/robollahotelcorfu.com\/de\/wp-json\/wp\/v2\/pages"}],"about":[{"href":"https:\/\/robollahotelcorfu.com\/de\/wp-json\/wp\/v2\/types\/page"}],"author":[{"embeddable":true,"href":"https:\/\/robollahotelcorfu.com\/de\/wp-json\/wp\/v2\/users\/1"}],"replies":[{"embeddable":true,"href":"https:\/\/robollahotelcorfu.com\/de\/wp-json\/wp\/v2\/comments?post=7522"}],"version-history":[{"count":9,"href":"https:\/\/robollahotelcorfu.com\/de\/wp-json\/wp\/v2\/pages\/7522\/revisions"}],"predecessor-version":[{"id":12291,"href":"https:\/\/robollahotelcorfu.com\/de\/wp-json\/wp\/v2\/pages\/7522\/revisions\/12291"}],"wp:attachment":[{"href":"https:\/\/robollahotelcorfu.com\/de\/wp-json\/wp\/v2\/media?parent=7522"}],"curies":[{"name":"wp","href":"https:\/\/api.w.org\/{rel}","templated":true}]}}