{"id":7526,"date":"2022-09-19T12:45:09","date_gmt":"2022-09-19T12:45:09","guid":{"rendered":"https:\/\/robollahotelcorfu.com\/restaurants\/"},"modified":"2023-05-04T11:36:12","modified_gmt":"2023-05-04T11:36:12","slug":"restaurants-apartments-und-studios-roda-korfu","status":"publish","type":"page","link":"https:\/\/robollahotelcorfu.com\/de\/restaurants-apartments-und-studios-roda-korfu\/","title":{"rendered":"Gastronomie"},"content":{"rendered":"<div class=\"fw-page-builder-content\">\n<h1 class=\"fw-special-title\">Restaurants<\/h1>\n<p class=\"rs-p-wp-fix\">\n<p> <img decoding=\"async\" loading=\"lazy\" src=\"\/\/robollahotelcorfu.com\/wp-content\/uploads\/2019\/06\/restaurant-1.jpg\" alt=\"Restaurant | Robolla Beach Aparthotel Roda Corfu\" title=\"Restaurant | Robolla Beach Aparthotel Roda Corfu\" width=\"824\" height=\"529\" class=\"rev-slidebg tp-rs-img\" data-bg=\"p:right top;\" data-no-retina><br \/>\n <img decoding=\"async\" loading=\"lazy\" src=\"\/\/robollahotelcorfu.com\/wp-content\/uploads\/2019\/06\/restaurant-2.jpg\" alt=\"Restaurant | Robolla Beach Aparthotel Roda Corfu\" title=\"Restaurant | Robolla Beach Aparthotel Roda Corfu\" width=\"824\" height=\"529\" class=\"rev-slidebg tp-rs-img\" data-bg=\"p:right top;\" data-no-retina><br \/>\n <img decoding=\"async\" loading=\"lazy\" src=\"\/\/robollahotelcorfu.com\/wp-content\/uploads\/2019\/06\/restaurant-3.jpg\" alt=\"Restaurant | Robolla Beach Aparthotel Roda Corfu\" title=\"Restaurant | Robolla Beach Aparthotel Roda Corfu\" width=\"824\" height=\"529\" class=\"rev-slidebg tp-rs-img\" data-bg=\"p:right top;\" data-no-retina><br \/>\n setREVStartSize({c: &#8218;rev_slider_13_1&#8242;,rl:[1240,1024,778,480],el:[529],gw:[824],gh:[529],type:&#8217;standard&#8216;,justify:&#8220;,layout:&#8217;fullwidth&#8216;,mh:&#8220;0&#8243;});if (window.RS_MODULES!==undefined &#038;&#038; window.RS_MODULES.modules!==undefined &#038;&#038; window.RS_MODULES.modules[&#8222;revslider131&#8220;]!==undefined) {window.RS_MODULES.modules[&#8222;revslider131&#8220;].once = false;window.revapi13 = undefined;if (window.RS_MODULES.checkMinimal!==undefined) window.RS_MODULES.checkMinimal()}<\/p>\n<h6 class=\"fw-special-title\">HAUPTRESTAURANT<\/h6>\n<p> Seaview Restaurant<\/p>\n<p>Das Seaview Restaurant bietet eine hervorragende Aussicht auf das Meer und den Horizont. Unser Hauptrestaurant bietet t\u00e4glich eine k\u00f6stliche Auswahl an Speisen an. Hotelg\u00e4ste sind herzlich eingeladen, eine gro\u00dfartige Auswahl an k\u00f6stlichen regionalen, mediterranen und internationalen Spezialit\u00e4ten zu genie\u00dfen. Fr\u00fchst\u00fcck: 7.30 &#8211; 10.30 UhrAbendessen: 18.30 &#8211; 21.30 Uhr<\/p>\n<h6 class=\"fw-special-title\">A LA CARTE RESTAURANT<\/h6>\n<p> Thalassa Restaurant<\/p>\n<p style=\"text-align: left;\">Das Restaurant Thalassa bietet mit Blick auf das Meer die perfekte Wahl f\u00fcr den ganzt\u00e4gigen, ungezwungenen Genuss. Die G\u00e4ste sind eingeladen, ein k\u00f6stliches Mittagessen mit internationalen und griechischen Spezialit\u00e4ten oder ein k\u00f6stliches Abendessen in gem\u00fctlicher Atmosph\u00e4re in unserem Innenbereich oder direkt auf dem Meer unter unseren beiden Pergolen zu genie\u00dfen. \u00d6ffnungszeiten: 12.00 \u2013 21.00<\/p>\n<p class=\"rs-p-wp-fix\">\n<p> <img decoding=\"async\" loading=\"lazy\" src=\"\/\/robollahotelcorfu.com\/wp-content\/uploads\/2019\/08\/restaurant-1.jpg\" alt=\"Restaurant | Robolla Hotel Roda Corfu\" title=\"Restaurant | Robolla Hotel Roda Corfu\" width=\"824\" height=\"529\" class=\"rev-slidebg tp-rs-img\" data-bg=\"p:right top;\" data-no-retina><br \/>\n <img decoding=\"async\" loading=\"lazy\" src=\"\/\/robollahotelcorfu.com\/wp-content\/uploads\/2019\/08\/restaurant-2.jpg\" alt=\"Restaurant | Robolla Hotel Roda Corfu\" title=\"Restaurant | Robolla Hotel Roda Corfu\" width=\"824\" height=\"529\" class=\"rev-slidebg tp-rs-img\" data-bg=\"p:right top;\" data-no-retina><br \/>\n <img decoding=\"async\" loading=\"lazy\" src=\"\/\/robollahotelcorfu.com\/wp-content\/uploads\/2017\/04\/main-restaurant-1.jpg\" alt=\"Restaurant | Robolla Beach Aparthotel Roda Corfu\" title=\"Restaurant | Robolla Beach Aparthotel Roda Corfu\" width=\"824\" height=\"529\" class=\"rev-slidebg tp-rs-img\" data-bg=\"p:right top;\" data-no-retina><br \/>\n <img decoding=\"async\" loading=\"lazy\" src=\"\/\/robollahotelcorfu.com\/wp-content\/uploads\/2017\/04\/main-restaurant-3.jpg\" alt=\"Restaurant | Robolla Beach Aparthotel Roda Corfu\" title=\"Restaurant | Robolla Beach Aparthotel Roda Corfu\" width=\"824\" height=\"529\" class=\"rev-slidebg tp-rs-img\" data-bg=\"p:right top;\" data-no-retina><br \/>\n <img decoding=\"async\" loading=\"lazy\" src=\"\/\/robollahotelcorfu.com\/wp-content\/uploads\/2017\/04\/main-restaurant-2.jpg\" alt=\"Restaurant | Robolla Beach Aparthotel Roda Corfu\" title=\"Restaurant | Robolla Beach Aparthotel Roda Corfu\" width=\"824\" height=\"529\" class=\"rev-slidebg tp-rs-img\" data-bg=\"p:right top;\" data-no-retina><br \/>\n setREVStartSize({c: &#8218;rev_slider_8_2&#8242;,rl:[1240,1024,778,480],el:[529],gw:[824],gh:[529],type:&#8217;standard&#8216;,justify:&#8220;,layout:&#8217;fullwidth&#8216;,mh:&#8220;0&#8243;});if (window.RS_MODULES!==undefined &#038;&#038; window.RS_MODULES.modules!==undefined &#038;&#038; window.RS_MODULES.modules[&#8222;revslider82&#8220;]!==undefined) {window.RS_MODULES.modules[&#8222;revslider82&#8220;].once = false;window.revapi8 = undefined;if (window.RS_MODULES.checkMinimal!==undefined) window.RS_MODULES.checkMinimal()}<\/p>\n<h1 class=\"fw-special-title\">Bars<\/h1>\n<p class=\"rs-p-wp-fix\">\n<p> <img decoding=\"async\" loading=\"lazy\" src=\"\/\/robollahotelcorfu.com\/wp-content\/uploads\/2023\/04\/IMG_7933.jpg\" alt=\"\" title=\"IMG_7933\" width=\"824\" height=\"529\" class=\"rev-slidebg tp-rs-img\" data-bg=\"p:right top;\" data-no-retina><br \/>\n <img decoding=\"async\" loading=\"lazy\" src=\"\/\/robollahotelcorfu.com\/wp-content\/uploads\/2023\/04\/IMG_7919.jpg\" alt=\"\" title=\"IMG_7919\" width=\"824\" height=\"529\" class=\"rev-slidebg tp-rs-img\" data-bg=\"p:right top;\" data-no-retina><br \/>\n <img decoding=\"async\" loading=\"lazy\" src=\"\/\/robollahotelcorfu.com\/wp-content\/uploads\/2023\/04\/IMG_7847.jpg\" alt=\"\" title=\"IMG_7847\" width=\"824\" height=\"529\" class=\"rev-slidebg tp-rs-img\" data-bg=\"p:right top;\" data-no-retina><br \/>\n <img decoding=\"async\" loading=\"lazy\" src=\"\/\/robollahotelcorfu.com\/wp-content\/uploads\/2023\/04\/IMG_7673.jpg\" alt=\"\" title=\"IMG_7673\" width=\"824\" height=\"529\" class=\"rev-slidebg tp-rs-img\" data-bg=\"p:right top;\" data-no-retina><br \/>\n <img decoding=\"async\" loading=\"lazy\" src=\"\/\/robollahotelcorfu.com\/wp-content\/uploads\/2023\/04\/IMG_7661.jpg\" alt=\"\" title=\"IMG_7661\" width=\"824\" height=\"529\" class=\"rev-slidebg tp-rs-img\" data-bg=\"p:right top;\" data-no-retina><br \/>\n <img decoding=\"async\" loading=\"lazy\" src=\"\/\/robollahotelcorfu.com\/wp-content\/uploads\/2023\/04\/IMG_8000.jpg\" alt=\"\" title=\"IMG_8000\" width=\"824\" height=\"529\" class=\"rev-slidebg tp-rs-img\" data-bg=\"p:right top;\" data-no-retina><br \/>\n setREVStartSize({c: &#8218;rev_slider_42_3&#8242;,rl:[1240,1024,778,480],el:[529],gw:[824],gh:[529],type:&#8217;standard&#8216;,justify:&#8220;,layout:&#8217;fullwidth&#8216;,mh:&#8220;0&#8243;});if (window.RS_MODULES!==undefined &#038;&#038; window.RS_MODULES.modules!==undefined &#038;&#038; window.RS_MODULES.modules[&#8222;revslider423&#8220;]!==undefined) {window.RS_MODULES.modules[&#8222;revslider423&#8220;].once = false;window.revapi42 = undefined;if (window.RS_MODULES.checkMinimal!==undefined) window.RS_MODULES.checkMinimal()}<\/p>\n<h6 class=\"fw-special-title\">HAUPTBAR<\/h6>\n<p> Thalassa Beach Bar<\/p>\n<p>Unsere Hauptbar, die sich am Strand befindet und bis zur Lobby des Hauptgeb\u00e4udes reicht, bietet einen atemberaubenden Blick auf das Meer und eine entspannende Umgebung, in der unsere G\u00e4ste jeden Tag k\u00f6stliche Getr\u00e4nke mit ihren Familien und Freunden genie\u00dfen k\u00f6nnen.\u00d6ffnungszeiten: 09:30 &#8211; 01:00<\/p>\n<h6 class=\"fw-special-title\">POOL &#8211; SNACK BAR<\/h6>\n<p> Panorama Pool Bar<\/p>\n<p>Direkt am Pool gelegen, bietet unsere Bar eine erfrischende Pause f\u00fcr durstige Schwimmer, die mit frisch gepressten S\u00e4ften, exotischen Cocktails und einer Vielzahl von Snacks und Eiscremes f\u00fcr die ganze Familie ihren Durst stillen k\u00f6nnen.<\/p>\n<p class=\"rs-p-wp-fix\">\n<p> <img decoding=\"async\" loading=\"lazy\" src=\"\/\/robollahotelcorfu.com\/wp-content\/uploads\/2019\/06\/pool-bar-4.jpg\" alt=\"Pool Bar | Robolla Beach Aparthotel Roda Corfu\" title=\"Pool Bar | Robolla Beach Aparthotel Roda Corfu\" width=\"824\" height=\"529\" class=\"rev-slidebg tp-rs-img\" data-bg=\"p:right top;\" data-no-retina><br \/>\n <img decoding=\"async\" loading=\"lazy\" src=\"\/\/robollahotelcorfu.com\/wp-content\/uploads\/2019\/06\/pool-bar-2.jpg\" alt=\"Pool Bar | Robolla Beach Aparthotel Roda Corfu\" title=\"Pool Bar | Robolla Beach Aparthotel Roda Corfu\" width=\"824\" height=\"529\" class=\"rev-slidebg tp-rs-img\" data-bg=\"p:right top;\" data-no-retina><br \/>\n <img decoding=\"async\" loading=\"lazy\" src=\"\/\/robollahotelcorfu.com\/wp-content\/uploads\/2019\/08\/pool-robolla.jpg\" alt=\"\" title=\"pool-robolla\" width=\"824\" height=\"529\" class=\"rev-slidebg tp-rs-img\" data-bg=\"p:right top;\" data-no-retina><br \/>\n <img decoding=\"async\" loading=\"lazy\" src=\"\/\/robollahotelcorfu.com\/wp-content\/uploads\/2019\/08\/swimming-pool-robolla.jpg\" alt=\"\" title=\"swimming-pool-robolla\" width=\"824\" height=\"529\" class=\"rev-slidebg tp-rs-img\" data-bg=\"p:right top;\" data-no-retina><br \/>\n <img decoding=\"async\" loading=\"lazy\" src=\"\/\/robollahotelcorfu.com\/wp-content\/uploads\/2019\/06\/swimming-pool-robolla-hotel.jpg\" alt=\"\" title=\"swimming-pool-robolla-hotel\" width=\"824\" height=\"529\" class=\"rev-slidebg tp-rs-img\" data-bg=\"p:right top;\" data-no-retina><br \/>\n setREVStartSize({c: &#8218;rev_slider_14_4&#8242;,rl:[1240,1024,778,480],el:[529],gw:[824],gh:[529],type:&#8217;standard&#8216;,justify:&#8220;,layout:&#8217;fullwidth&#8216;,mh:&#8220;0&#8243;});if (window.RS_MODULES!==undefined &#038;&#038; window.RS_MODULES.modules!==undefined &#038;&#038; window.RS_MODULES.modules[&#8222;revslider144&#8220;]!==undefined) {window.RS_MODULES.modules[&#8222;revslider144&#8220;].once = false;window.revapi14 = undefined;if (window.RS_MODULES.checkMinimal!==undefined) window.RS_MODULES.checkMinimal()}<br \/>\n<a href=\"https:\/\/www.facebook.com\/people\/Robolla-Beach-Aparthotel\/100057593402376\/\"><\/a><a href=\"https:\/\/www.instagram.com\/robollabeach\/?hl=el\"><\/a>Robolla Beach Apart Hotel, Roda 49081 Korfu<\/p>\n<p><!-- 3d54582ad3d88efcde83e8c720eef010 --><\/div>\n","protected":false},"excerpt":{"rendered":"<p>Restaurants setREVStartSize({c: &#8218;rev_slider_13_1&#8242;,rl:[1240,1024,778,480],el:[529],gw:[824],gh:[529],type:&#8217;standard&#8216;,justify:&#8220;,layout:&#8217;fullwidth&#8216;,mh:&#8220;0&#8243;});if (window.RS_MODULES!==undefined &#038;&#038; window.RS_MODULES.modules!==undefined &#038;&#038; window.RS_MODULES.modules[&#8222;revslider131&#8220;]!==undefined) {window.RS_MODULES.modules[&#8222;revslider131&#8220;].once = false;window.revapi13 = undefined;if (window.RS_MODULES.checkMinimal!==undefined) window.RS_MODULES.checkMinimal()} HAUPTRESTAURANT Seaview Restaurant Das Seaview Restaurant bietet eine hervorragende Aussicht auf das Meer und den Horizont. Unser Hauptrestaurant bietet t\u00e4glich eine k\u00f6stliche Auswahl an Speisen an. Hotelg\u00e4ste sind herzlich eingeladen, eine gro\u00dfartige Auswahl an k\u00f6stlichen regionalen, mediterranen und internationalen Spezialit\u00e4ten [&hellip;]<\/p>\n","protected":false},"author":1,"featured_media":0,"parent":0,"menu_order":0,"comment_status":"closed","ping_status":"closed","template":"visual-builder-template.php","meta":{"footnotes":""},"aioseo_notices":[],"_links":{"self":[{"href":"https:\/\/robollahotelcorfu.com\/de\/wp-json\/wp\/v2\/pages\/7526"}],"collection":[{"href":"https:\/\/robollahotelcorfu.com\/de\/wp-json\/wp\/v2\/pages"}],"about":[{"href":"https:\/\/robollahotelcorfu.com\/de\/wp-json\/wp\/v2\/types\/page"}],"author":[{"embeddable":true,"href":"https:\/\/robollahotelcorfu.com\/de\/wp-json\/wp\/v2\/users\/1"}],"replies":[{"embeddable":true,"href":"https:\/\/robollahotelcorfu.com\/de\/wp-json\/wp\/v2\/comments?post=7526"}],"version-history":[{"count":5,"href":"https:\/\/robollahotelcorfu.com\/de\/wp-json\/wp\/v2\/pages\/7526\/revisions"}],"predecessor-version":[{"id":9159,"href":"https:\/\/robollahotelcorfu.com\/de\/wp-json\/wp\/v2\/pages\/7526\/revisions\/9159"}],"wp:attachment":[{"href":"https:\/\/robollahotelcorfu.com\/de\/wp-json\/wp\/v2\/media?parent=7526"}],"curies":[{"name":"wp","href":"https:\/\/api.w.org\/{rel}","templated":true}]}}