{"id":7529,"date":"2022-09-19T12:57:59","date_gmt":"2022-09-19T12:57:59","guid":{"rendered":"https:\/\/robollahotelcorfu.com\/corfu\/"},"modified":"2023-05-08T06:33:04","modified_gmt":"2023-05-08T06:33:04","slug":"corfu-apartments-und-studios-roda-korfu","status":"publish","type":"page","link":"https:\/\/robollahotelcorfu.com\/de\/corfu-apartments-und-studios-roda-korfu\/","title":{"rendered":"Korfu"},"content":{"rendered":"<div class=\"fw-page-builder-content\">\n<h1 class=\"fw-special-title\">Korfu: Der Garten der G\u00f6tter<\/h1>\n<p> <img decoding=\"async\" src=\"https:\/\/robollahotelcorfu.com\/wp-content\/uploads\/2023\/04\/roda-robolla.jpg\" alt=\"roda-robolla\" data-maxdpr=\"1.7\" class=\"lazyload\" \/><br \/>\n Roda Village<\/p>\n<p>Roda ist ein mittelkleiner Badeort, bekannt f\u00fcr seinen gro\u00dfz\u00fcgigen Sandstrand und seine gute Auswahl an Annehmlichkeiten. Der Ort selbst ist fu\u00dfl\u00e4ufig erreichbar, flach und niedrig gebaut. Es handelt sich um ein ehemaliges Fischerdorf mit einem kleinen Hafen und einigen funktionierenden Booten. Im Gegensatz zu den benachbarten Orten Kassiopi und Sidari ist Roda nicht wirklich Teil des Tagesausflugsprogramms, so dass der Strand nicht zu \u00fcberf\u00fcllt wird. Es ist ruhig und familienfreundlich, bietet aber eine gute Auswahl an Annehmlichkeiten und wird abends lebhaft genug mit griechischen N\u00e4chten, Karaoke, Quizzen und Live-Musik. Roda ist bei Pauschalurlaubern, R\u00fcckkehrern, Auswanderern und Stammg\u00e4sten beliebt. Die Menge besteht haupts\u00e4chlich aus jungen Familien und \u00e4lteren Paaren, die einen preisg\u00fcnstigen Strandurlaub suchen. Es gibt viele Strandtavernen und Caf\u00e9s sowie einige Seitenstra\u00dfen mit Touristengesch\u00e4ften und Reiseb\u00fcros.<\/p>\n<p> Old Perithia Village<\/p>\n<p>Das Dorf, das im 14. Jahrhundert w\u00e4hrend der byzantinischen Herrschaft auf der Insel erbaut wurde, befindet sich an den n\u00f6rdlichen H\u00e4ngen des Berges Pantokrator auf etwa 400m \u00fcber dem Meeresspiegel. Die umliegende Landschaft war ideal sowohl f\u00fcr die Schafzucht als auch f\u00fcr den Anbau von Oliven und Weinreben, und Old Perithia war bald relativ wohlhabend. Old Perithia ist jedoch keine Geisterstadt, dank eines Bed &#038; Breakfast und einer Handvoll Tavernen, die ausgezeichnete Bergspeisen servieren. Abgesehen von gutem Essen bietet das Dorf den Besuchern einen faszinierenden Einblick in die Geschichte von Korfu, atemberaubende Ausblicke und ein ideales &#8222;Basislager&#8220; f\u00fcr alle, die den Gipfel des Pantokrator besteigen m\u00f6chten, was etwa eine Stunde dauert.<\/p>\n<p> <img decoding=\"async\" src=\"https:\/\/robollahotelcorfu.com\/wp-content\/uploads\/2023\/04\/peritheia.jpg\" alt=\"In the abandoned village of Peritheia on the island of Corfu in the Ionian Sea, Greece\" data-maxdpr=\"1.7\" class=\"lazyload\" \/><br \/>\n <img decoding=\"async\" src=\"https:\/\/robollahotelcorfu.com\/wp-content\/uploads\/2023\/04\/Kassiopi.jpg\" alt=\"Kassiopi\" data-maxdpr=\"1.7\" class=\"lazyload\" \/><br \/>\n Kassiopi<\/p>\n<p>Kassiopi ist eines der beliebtesten Touristenziele im Norden von Korfu. Im Gegensatz zu den strandorientierten Resorts an der Nordk\u00fcste ist Kassiopi eine belebte Kleinstadt, die sich um einen malerischen Hafen gruppiert und von den \u00dcberresten einer byzantinischen Burg \u00fcberragt wird. Kassiopi ist ein altes Fischerdorf, das seinen Charme bewahrt hat. Obwohl die meisten Geb\u00e4ude neu sind, wurde es einf\u00fchlsam in die traditionelle ionische Architektur von Korfu eingebettet. Besonders sch\u00f6n ist es nachts, wenn die Lichter den hufeisenf\u00f6rmigen Hafen umgeben und sich im Wasser spiegeln. Kassiopi ist bei internationalen Besuchern beliebt, insbesondere bei einer reifen und kosmopolitischen britischen Kundschaft, die seine Atmosph\u00e4re, Einrichtungen und Restaurants von guter Qualit\u00e4t gegen\u00fcber direktem Strandzugang bevorzugt.<\/p>\n<p> The Canal D\u2019amour<\/p>\n<p style=\"text-align: left;\">Liebe ruft in Sidari, wo man sagt, dass man seinen Seelenverwandten findet, wenn man im Kanal d&#8217;Amour schwimmt. Dieser nat\u00fcrliche &#8222;Tunnel&#8220; in den Sandsteinklippen ist nur eine der Sandsteinformationen, die man an den spektakul\u00e4ren Sandstr\u00e4nden rund um die Stadt findet.<\/p>\n<p> <img decoding=\"async\" src=\"https:\/\/robollahotelcorfu.com\/wp-content\/uploads\/2023\/04\/canal-damour.jpg\" alt=\"canal damour\" data-maxdpr=\"1.7\" class=\"lazyload\" \/><br \/>\n <img decoding=\"async\" src=\"https:\/\/robollahotelcorfu.com\/wp-content\/uploads\/2023\/04\/liston-ft.jpg\" alt=\"CORFU, GREECE - 23 June 2019: Liston street at night on Corfu island, Greece\" data-maxdpr=\"1.7\" class=\"lazyload\" \/><br \/>\n Classic Corfu<\/p>\n<p>Ein UNESCO-Weltkulturerbe, das historische Zentrum von Korfu mit seinen neoklassischen Einfl\u00fcssen, wird Sie begeistern. Besichtigen Sie den Palast von St. Michael und St. Georgiou, den Liston-Arcade, die Reading Society und das Kapodistrias-Familienanwesen, um nur einige zu nennen. W\u00e4hrend Sie die ber\u00fchmten Gassen von Campiello entlanglaufen, mit W\u00e4scheleinen \u00fcber Ihnen h\u00e4ngend, und die opulenten Hotels besuchen, sollten Sie als Besucher auch nicht verpassen.<\/p>\n<p> The City\u2019s Keepers<\/p>\n<p>Auf der \u00f6stlichen Seite von Korfu, kr\u00f6nt der felsige K\u00fcstenstreifen mit zwei niedrigen Gipfeln die Insel und gibt ihr den Namen Koryfo &#8211; Korfu (was Gipfel bedeutet). Die alte Festung (Palaio Frourio), im 13. Jahrhundert erbaut, hat viel zu bieten, darunter die von den Briten erbaute Kirche St. George, die einem dorischen Tempel \u00e4hnelt. Dieses Freiluftmuseum bietet eine Reise durch die Zeit. Der andere W\u00e4chter, das Neo Frourio (Neue Festung) aus dem 16. Jahrhundert, thront \u00fcber der Nordwestgrenze der Hauptstadt und ist ein Meisterwerk der Milit\u00e4rarchitektur, das von den Venezianern erbaut wurde.<\/p>\n<p> <img decoding=\"async\" src=\"https:\/\/robollahotelcorfu.com\/wp-content\/uploads\/2023\/04\/palio-fourio-1.jpg\" alt=\"palio-fourio-1\" data-maxdpr=\"1.7\" class=\"lazyload\" \/><br \/>\n <img decoding=\"async\" src=\"https:\/\/robollahotelcorfu.com\/wp-content\/uploads\/2019\/06\/mouse-island.jpg\" alt=\"Mouse Island Corfu | Robolla Beach Aparthotel Roda Corfu\" data-maxdpr=\"1.7\" class=\"lazyload\" \/><br \/>\n Kanoni &#038; Mouse Island<\/p>\n<p style=\"text-align: left;\">Die beiden ber\u00fchmten Wahrzeichen der Insel Korfu sind tats\u00e4chlich andere Inseln: Das winzige Pontikonisi, was \u00fcbersetzt M\u00e4useinsel bedeutet, ist gerade gro\u00df genug, um das Kloster Pantokrator zu beherbergen. Direkt daneben befindet sich das ber\u00fchmte Inselchen Vlacherna mit seinem im 17. Jahrhundert erbauten Kloster, das der Jungfrau Maria gewidmet ist. Es ist durch einen schmalen Damm mit dem Festland verbunden.<\/p>\n<p> Achillion Palace<\/p>\n<p>Die kaiserliche Vergangenheit der Insel ist einer der Gr\u00fcnde, warum sie den Ruf als eine der glamour\u00f6sesten und luxuri\u00f6sesten Destinationen in Griechenland genie\u00dft.Kaiserin Elisabeth von \u00d6sterreich-Ungarn, die legend\u00e4re Sissi, w\u00e4hlte Corfu, um ihr Schloss zu bauen. Dieses elegante Geb\u00e4ude im pompejanischen Stil mit luxuri\u00f6sen, neoklassischen Wohnzimmern verf\u00fcgt \u00fcber wundersch\u00f6ne G\u00e4rten, in denen man die ber\u00fchmte Statue des sterbenden Achilles sehen kann.<\/p>\n<p> <img decoding=\"async\" src=\"https:\/\/robollahotelcorfu.com\/wp-content\/uploads\/2019\/06\/achillion.jpg\" alt=\"Achillion Corfu | Robolla Beach Aparthotel Roda Corfu\" data-maxdpr=\"1.7\" class=\"lazyload\" \/><br \/>\n <img decoding=\"async\" src=\"https:\/\/robollahotelcorfu.com\/wp-content\/uploads\/2019\/06\/mon-repos.jpg\" alt=\"Mon Repos Corfu | Robolla Beach Aparthotel Roda Corfu\" data-maxdpr=\"1.7\" class=\"lazyload\" \/><br \/>\n Mon Repos Corfu<\/p>\n<p style=\"text-align: left;\">Der britische Hochkommissar Frederick Adam baute dieses Sommerhaus f\u00fcr seine Frau, Nina Palatianou, im fr\u00fchen 19. Jahrhundert. Es liegt in einer wundersch\u00f6nen bewaldeten Umgebung und nimmt den Platz der antiken Stadt Corcyra ein, wie sie damals genannt wurde. Die Villa beherbergt das Palaiopolis-Museum und den Botanischen Garten mit mehr als 2.000 seltenen Pflanzen, die aus dem gesamten Britischen Empire gesammelt wurden.<\/p>\n<p><a href=\"https:\/\/www.facebook.com\/people\/Robolla-Beach-Aparthotel\/100057593402376\/\"><\/a><a href=\"https:\/\/www.instagram.com\/robollabeach\/?hl=el\"><\/a>Robolla Beach Apart Hotel, Roda 49081 Korfu<\/p>\n<p><!-- 79dc3c5cf711e66ce8b8858471e501ab --><\/div>\n","protected":false},"excerpt":{"rendered":"<p>Korfu: Der Garten der G\u00f6tter Roda Village Roda ist ein mittelkleiner Badeort, bekannt f\u00fcr seinen gro\u00dfz\u00fcgigen Sandstrand und seine gute Auswahl an Annehmlichkeiten. Der Ort selbst ist fu\u00dfl\u00e4ufig erreichbar, flach und niedrig gebaut. Es handelt sich um ein ehemaliges Fischerdorf mit einem kleinen Hafen und einigen funktionierenden Booten. Im Gegensatz zu den benachbarten Orten Kassiopi [&hellip;]<\/p>\n","protected":false},"author":1,"featured_media":0,"parent":0,"menu_order":0,"comment_status":"closed","ping_status":"closed","template":"visual-builder-template.php","meta":{"footnotes":""},"aioseo_notices":[],"_links":{"self":[{"href":"https:\/\/robollahotelcorfu.com\/de\/wp-json\/wp\/v2\/pages\/7529"}],"collection":[{"href":"https:\/\/robollahotelcorfu.com\/de\/wp-json\/wp\/v2\/pages"}],"about":[{"href":"https:\/\/robollahotelcorfu.com\/de\/wp-json\/wp\/v2\/types\/page"}],"author":[{"embeddable":true,"href":"https:\/\/robollahotelcorfu.com\/de\/wp-json\/wp\/v2\/users\/1"}],"replies":[{"embeddable":true,"href":"https:\/\/robollahotelcorfu.com\/de\/wp-json\/wp\/v2\/comments?post=7529"}],"version-history":[{"count":16,"href":"https:\/\/robollahotelcorfu.com\/de\/wp-json\/wp\/v2\/pages\/7529\/revisions"}],"predecessor-version":[{"id":9249,"href":"https:\/\/robollahotelcorfu.com\/de\/wp-json\/wp\/v2\/pages\/7529\/revisions\/9249"}],"wp:attachment":[{"href":"https:\/\/robollahotelcorfu.com\/de\/wp-json\/wp\/v2\/media?parent=7529"}],"curies":[{"name":"wp","href":"https:\/\/api.w.org\/{rel}","templated":true}]}}