{"id":7536,"date":"2022-09-19T13:21:49","date_gmt":"2022-09-19T13:21:49","guid":{"rendered":"https:\/\/robollahotelcorfu.com\/contact\/"},"modified":"2023-05-04T11:37:03","modified_gmt":"2023-05-04T11:37:03","slug":"kontakt-apartments-und-studios-roda-korfu","status":"publish","type":"page","link":"https:\/\/robollahotelcorfu.com\/de\/kontakt-apartments-und-studios-roda-korfu\/","title":{"rendered":"Kontakt"},"content":{"rendered":"<div class=\"fw-page-builder-content\">\n<h1 class=\"fw-special-title\">Nehmen Sie Kontakt auf, indem Sie das unten stehende Formular ausf\u00fcllen<\/h1>\n<p role=\"status\" aria-live=\"polite\" aria-atomic=\"true\">\n<p class=\"fw-col-sm-6 col1\">\n<p class=\"fw-col-sm-6 col2\">\n<\/p>\n<p>\nThis site is protected by reCAPTCHA and the Google <a href=\"https:\/\/policies.google.com\/privacy\" target=\"_blank\" rel=\"noopener\">Privacy Policy<\/a> and <a href=\"https:\/\/policies.google.com\/terms\" target=\"_blank\" rel=\"noopener\">Terms of Service<\/a> apply.\n<\/p>\n<\/p>\n<p style=\"text-align: left;\">T: <a href=\"tel:+302663064761\" class=\"contact\">+30 26630 64761<\/a>E: <a href=\"mailto:info@robolla.com\" class=\"contact\">info@robolla.com<\/a><\/p>\n<h2 class=\"fw-special-title\">Finden Sie uns auf der Karte<\/h2>\n<\/p>\n<p style=\"text-align: right; text-transform: uppercase;\">Roda49081 Corfu<\/p>\n<h2 class=\"fw-special-title\">Was unsere G\u00e4ste sagen:<\/h2>\n<p> UNSERE BEWERTUNGEN<br \/>\n <img decoding=\"async\" src=\"https:\/\/lh3.googleusercontent.com\/a\/AGNmyxa5cq795vdegiPXqtcH4MxnlhVEqxl-LtjHBNvi=s120-c-c-rp-w64-h64-mo-br100\" alt=\"Jada Schauher\" \/> Jada Schauher 21\/03\/2023 Mein Bett in meiner 2. Heimat Griechenland &#8211; da steige ich immer ab und f\u00fchle mich wohl\u2026 <img decoding=\"async\" src=\"https:\/\/lh3.googleusercontent.com\/a\/AGNmyxaC3MpPxBpkSNDdbN74DUQCl3FF6XGWxYWmMcPw=s120-c-c-rp-w64-h64-mo-ba3-br100\" alt=\"Yiannis Zelios\" \/> Yiannis Zelios 21\/03\/2023 <img decoding=\"async\" src=\"https:\/\/lh3.googleusercontent.com\/a-\/ACB-R5SBPTUsT7IQfKHM-TmamCBkPsJWCUrK_fkVSfZz_w=s120-c-c-rp-w64-h64-mo-br100\" alt=\"Dominique Henderickx\" \/> Dominique Henderickx 16\/03\/2023 Tr\u00e8s beau complexe, <img decoding=\"async\" src=\"https:\/\/lh3.googleusercontent.com\/a\/AGNmyxbkM7Jcm58AlZKrOJGqNyCYyxEPzzMup2O2odLk=s120-c-c-rp-w64-h64-mo-ba2-br100\" alt=\"\u039d\u03af\u03ba\u03bf\u03c2 \u03a4\u03c1\u03b1\u03c7\u03b1\u03bd\u03ac\u03c2\" \/> \u039d\u03af\u03ba\u03bf\u03c2 \u03a4\u03c1\u03b1\u03c7\u03b1\u03bd\u03ac\u03c2 22\/02\/2023 <img decoding=\"async\" src=\"https:\/\/lh3.googleusercontent.com\/a-\/ACB-R5QbPfTqci19NJBCZYQipyUP3NJak18VXX2yB6Ft=s120-c-c-rp-w64-h64-mo-br100\" alt=\"Benny hi\" \/> Benny hi 12\/12\/2022 Das Apartment ware sauber und gro\u00df genung.<br \/>\nDie Mitarbeiter dort waren immer Top gelaunt und teilweise Konten sie sogar deutsch .<br \/>\nDas essen war einfach traumhaft.<br \/>\nDer Pool nicht zu klein sondern eine perfekte Gr\u00f6\u00dfe.<br \/>\nWir hatten vom Balkon eine sch\u00f6ne Aussicht aufs Meer.<br \/>\nEs ist abgelegen aber nach roda kann man in 20 min laufen.<br \/>\nKann ich nur empfehlen es war einfach traumhaft sch\u00f6n die 2 Wochen <img decoding=\"async\" src=\"https:\/\/lh3.googleusercontent.com\/a-\/ACB-R5SlmQpKmyAdMspKVPO8nl3MgIoVFCXRvfyJWLMVLw=s120-c-c-rp-w64-h64-mo-ba5-br100\" alt=\"Lefteris Vlachopoulos\" \/> Lefteris Vlachopoulos 28\/10\/2022<br \/>\n <a class=\"fw-block-image-child fw-noratio fw-ratio-container \" href=\"https:\/\/www.google.com\/search?q=robolla+beach+aparthotel&#038;bih=1062&#038;biw=2112&#038;hl=el&#038;ei=mc4vZOqMNNGRsAfgqJnQBg&#038;hotel_occupancy=2&#038;gs_ssp=eJwFwTEOgCAMAMC4mrg7sjhDxYr6BH9RsEpiE5Aw8Hzv-kE_GiBkLO-XxXTHZBpY9AuyCXZj5284TFv3cDEjIToGN9tzLMknEVKeKURFmUqNqbL8uS0ZBA&#038;oq=robolla+beach+&#038;gs_lcp=Cgxnd3Mtd2l6LXNlcnAQARgAMg4ILhCvARDHARCABBDqBDIFCAAQgAQyBggAEBYQHjIGCAAQFhAeMgYIABAWEB4yBggAEBYQHjIGCAAQFhAeMgYIABAWEB4yBggAEBYQHjIGCAAQFhAeMhkILhCvARDHARCABBDqBBDcBBDeBBDgBBgCOgoIABBHENYEELADOgoIABCKBRCwAxBDOhUILhCKBRDHARCvARDIAxCwAxBDGAE6FQguEK8BEMcBEIoFEMgDELADEEMYAToPCC4QigUQyAMQsAMQQxgBSgQIQRgAUPQFWJsRYPo8aAJwAXgAgAGBAYgB7AKSAQMwLjOYAQCgAQHIARTAAQHaAQYIARABGAjaAQYIAhABGBQ&#038;sclient=gws-wiz-serp\" target=\"&#039;_blank&#039;\" rel=\"noopener\"><br \/>\n <img decoding=\"async\" src=\"https:\/\/robollahotelcorfu.com\/wp-content\/uploads\/2023\/04\/Google-Reviews-robolla.jpg\" alt=\"Google-Reviews-robolla\" data-maxdpr=\"1.7\" width=\"250\" class=\"lazyload\" \/> <\/a><br \/>\n <img decoding=\"async\" src=\"https:\/\/lh3.googleusercontent.com\/a\/AItbvmm48rOPpytqGMwD08IhLvg9fiF-O_OP9P0Pse_P=s96-c\" alt=\"Olena\" \/> Olena 09\/01\/2023 10 \u263a\u0434\u0443\u0436\u0435 \u0433\u0430\u0440\u043d\u0438\u0439 \u0433\u043e\u0442\u0435\u043b\u044c <img decoding=\"async\" src=\"https:\/\/cf.bstatic.com\/static\/img\/review\/avatars\/ava-s\/d321d61d78a8fa310843e1967dca38e6276b92aa.png\" alt=\"Stefano\" \/> Stefano 28\/10\/2022 10 \u0386\u03c1\u03b9\u03c3\u03c4\u03bf <img decoding=\"async\" src=\"https:\/\/lh6.googleusercontent.com\/-R2f-axX05d8\/AAAAAAAAAAI\/AAAAAAAAbN4\/_slaRp8I9I4\/photo.jpg\" alt=\"Maximilian\" \/> Maximilian 27\/10\/2022 9.0 Kann man empfehlen und wir kommen gerne wieder<br \/>\n\u263aFreundliches Personal, tolle Lage\/direkt am Meer, sch\u00f6ne Zimmer, etwas gehobene sowie moderne Ausstattung und gutes Preis\/Leistungsverh\u00e4ltnis. Die Mitarbeiter waren aufmerksam und auch stets sehr nett zu unserem knapp drei Jahre alten Sohn \ud83d\ude42<br \/>\n\u2639Im Grunde gibt es eigentlich nichts zu meckern. Kinderbetreuung f\u00fcr einige Stunden w\u00e4re sch\u00f6n <img decoding=\"async\" src=\"https:\/\/graph.facebook.com\/v2.9\/10210752943120159\/picture?type=square&#038;height=64&#038;width=64\" alt=\"Biegan\" \/> Biegan 01\/10\/2022 10 Fantastyczne miejsce \ud83d\ude42<br \/>\n\u263aPokoje komfortowe dok\u0142adnie takie same jak na zdj\u0119ciach.<br \/>\nNowy o\u015brodek.<br \/>\nBaseny na terenie o\u015brodka oraz bliski dost\u0119p do prywatnej piaszczystej pla\u017cy.<br \/>\n10 min spacerem do najbli\u017cszej miejscowo\u015bci Rodo.<br \/>\nSuper \u015bniadania z fantastyczn\u0105 obs\u0142ug\u0105.<br \/>\nDobre obiadokolacje, cho\u0107 my postawili\u015bmy na obiady w pobliskich tawernach. <img decoding=\"async\" src=\"https:\/\/cf.bstatic.com\/static\/img\/review\/avatars\/ava-a\/2c7be68fb3f987f1352e7b289d4b24137e1a283d.png\" alt=\"Anda\" \/> Anda 29\/09\/2022 9.0 \u263aLocation, hotel on the beach with perfect sand. <img decoding=\"async\" src=\"https:\/\/cdn.trustindex.io\/assets\/default-avatar\/noprofile-05.svg\" alt=\"Edmund\" \/> Edmund 27\/09\/2022 10 \u263aAlles<br \/>\n\u2639Keine M\u00e4ngel <img decoding=\"async\" src=\"https:\/\/lh3.googleusercontent.com\/-XdUIqdMkCWA\/AAAAAAAAAAI\/AAAAAAAAAAA\/4252rscbv5M\/photo.jpg?sz=50\" alt=\"C\u00e9line\" \/> C\u00e9line 26\/09\/2022 9.0 \u0395\u03be\u03b1\u03b9\u03c1\u03b5\u03c4\u03b9\u03ba\u03cc<br \/>\n <a class=\"fw-block-image-child fw-ratio-16-9 fw-ratio-container \" href=\"https:\/\/www.booking.com\/hotel\/gr\/robolla-beach-aparthotel.el.html\" target=\"&#039;_blank&#039;\" rel=\"noopener\"><br \/>\n <img decoding=\"async\" src=\"https:\/\/robollahotelcorfu.com\/wp-content\/uploads\/2023\/04\/logo-booking-robolla.jpg\" alt=\"logo-booking-robolla\" data-maxdpr=\"1.7\" width=\"250\" class=\"lazyload\" \/> <\/a><br \/>\n<a href=\"https:\/\/www.facebook.com\/people\/Robolla-Beach-Aparthotel\/100057593402376\/\"><\/a><a href=\"https:\/\/www.instagram.com\/robollabeach\/?hl=el\"><\/a>Robolla Beach Apart Hotel, Roda 49081 Korfu<\/p>\n<p><!-- ce228daa32b1946f2d247bca8cac8f99 --><\/div>\n","protected":false},"excerpt":{"rendered":"<p>Nehmen Sie Kontakt auf, indem Sie das unten stehende Formular ausf\u00fcllen This site is protected by reCAPTCHA and the Google Privacy Policy and Terms of Service apply. T: +30 26630 64761E: info@robolla.com Finden Sie uns auf der Karte Roda49081 Corfu Was unsere G\u00e4ste sagen: UNSERE BEWERTUNGEN Jada Schauher 21\/03\/2023 Mein Bett in meiner 2. Heimat [&hellip;]<\/p>\n","protected":false},"author":1,"featured_media":0,"parent":0,"menu_order":0,"comment_status":"closed","ping_status":"closed","template":"visual-builder-template.php","meta":{"footnotes":""},"aioseo_notices":[],"_links":{"self":[{"href":"https:\/\/robollahotelcorfu.com\/de\/wp-json\/wp\/v2\/pages\/7536"}],"collection":[{"href":"https:\/\/robollahotelcorfu.com\/de\/wp-json\/wp\/v2\/pages"}],"about":[{"href":"https:\/\/robollahotelcorfu.com\/de\/wp-json\/wp\/v2\/types\/page"}],"author":[{"embeddable":true,"href":"https:\/\/robollahotelcorfu.com\/de\/wp-json\/wp\/v2\/users\/1"}],"replies":[{"embeddable":true,"href":"https:\/\/robollahotelcorfu.com\/de\/wp-json\/wp\/v2\/comments?post=7536"}],"version-history":[{"count":5,"href":"https:\/\/robollahotelcorfu.com\/de\/wp-json\/wp\/v2\/pages\/7536\/revisions"}],"predecessor-version":[{"id":9161,"href":"https:\/\/robollahotelcorfu.com\/de\/wp-json\/wp\/v2\/pages\/7536\/revisions\/9161"}],"wp:attachment":[{"href":"https:\/\/robollahotelcorfu.com\/de\/wp-json\/wp\/v2\/media?parent=7536"}],"curies":[{"name":"wp","href":"https:\/\/api.w.org\/{rel}","templated":true}]}}