{"id":7541,"date":"2022-09-19T13:36:36","date_gmt":"2022-09-19T13:36:36","guid":{"rendered":"https:\/\/robollahotelcorfu.com\/covid-19\/"},"modified":"2024-03-12T08:39:26","modified_gmt":"2024-03-12T08:39:26","slug":"think-green-robolla-beach-aparthotel-roda-korfu","status":"publish","type":"page","link":"https:\/\/robollahotelcorfu.com\/de\/think-green-robolla-beach-aparthotel-roda-korfu\/","title":{"rendered":"Think Green"},"content":{"rendered":"<div class=\"fw-page-builder-content\">\n<h1 class=\"fw-special-title\">Think Green<\/h1>\n<p>Wir im Robolla Beach Aparthotel engagieren uns f\u00fcr den Schutz der nat\u00fcrlichen Umwelt und streben durch die Entwicklung eines strategischen Aktionsplans eine nachhaltige Tourismusentwicklung an. Dabei haben wir folgende Ziele im Blick:<\/p>\n<p> <img decoding=\"async\" src=\"https:\/\/robollahotelcorfu.com\/wp-content\/uploads\/2023\/03\/recycle-robolla.jpg\" alt=\"recycle-robolla\" data-maxdpr=\"1.7\" class=\"lazyload\" \/><br \/>\n Wir f\u00f6rdern eine Kultur des Recyclings<br \/>\nWir f\u00fchren in allen Hotelabteilungen die Trennung von Abfall durch und befolgen die empfohlenen Anweisungen f\u00fcr Recycling.<br \/>\nWir haben an verschiedenen Stellen in unseren Einrichtungen geeignete Recyclingbeh\u00e4lter mit klarer Beschriftung nach Material aufgestellt, die f\u00fcr jeden einfach zug\u00e4nglich sind.<br \/>\n Wir verwenden umweltfreundliche produkte<br \/>\nWir unterst\u00fctzen die Verwendung von wiederverwendbaren Glasbeh\u00e4ltern.<br \/>\nWir f\u00f6rdern die Verwendung von biologisch abbaubaren Produkten in allen Bereichen unseres Restaurants.<br \/>\nWir streben nach vollst\u00e4ndiger Unabh\u00e4ngigkeit von Einweg-Plastikprodukten.<br \/>\n <img decoding=\"async\" src=\"https:\/\/robollahotelcorfu.com\/wp-content\/uploads\/2023\/03\/eco-friendly-products.jpg\" alt=\"eco-friendly-products\" data-maxdpr=\"1.7\" class=\"lazyload\" \/><br \/>\n <img decoding=\"async\" src=\"https:\/\/robollahotelcorfu.com\/wp-content\/uploads\/2023\/03\/water-recycle.jpg\" alt=\"water-recycle\" data-maxdpr=\"1.7\" class=\"lazyload\" \/><br \/>\n Entwickeln von energieeffizienten Richtlinien.<br \/>\nWir recyceln Wasser in unseren Einrichtungen und verwenden es f\u00fcr Bew\u00e4sserungsbed\u00fcrfnisse.<br \/>\nWir haben alle Gl\u00fchbirnen durch umweltfreundliche LED-Birnen ersetzt.<br \/>\nPhotocell wird verwendet, um Lichter zu aktivieren, wo m\u00f6glich.<br \/>\nAlle Toiletten sparen Wasser durch Dual-Sp\u00fclungssysteme.<br \/>\nZimmer und gemeinsame Innenbereiche sind von Doppelverglasung umgeben.<br \/>\nWir w\u00e4hlen lokale Produzenten und Lieferanten f\u00fcr unsere Produkte aus.<br \/>\nWir schulen unser Personal kontinuierlich, um Lebensmittelverschwendung zu vermeiden.<br \/>\nWir verwenden Solarpaneele, um Wasser zu erw\u00e4rmen.<br \/>\n Unsere Besucher werden aktive Unterst\u00fctzer der Bem\u00fchungen f\u00fcr eine nachhaltige Zukunft<br \/>\nM\u00f6glichkeit der Ausnahme von t\u00e4glichem Reinigungsservice.<br \/>\nM\u00f6glichkeit f\u00fcr G\u00e4ste, Handt\u00fccher wiederzuverwenden.<br \/>\nVegetarische Optionen auf der Speisekarte.<br \/>\nFahrradverleih-Service.<br \/>\n <img decoding=\"async\" src=\"https:\/\/robollahotelcorfu.com\/wp-content\/uploads\/2023\/03\/bycile-rent-corfu.jpg\" alt=\"bycile-rent-corfu\" data-maxdpr=\"1.7\" class=\"lazyload\" \/><br \/>\n<a href=\"https:\/\/www.facebook.com\/people\/Robolla-Beach-Aparthotel\/100057593402376\/\"><\/a><a href=\"https:\/\/www.instagram.com\/robollabeach\/?hl=el\"><\/a>Robolla Beach Apart Hotel, Roda 49081 Korfu<\/p>\n<p><!-- 7f41d13ea87d803a7f7ef00798fa203d --><\/div>\n","protected":false},"excerpt":{"rendered":"<p>Think Green Wir im Robolla Beach Aparthotel engagieren uns f\u00fcr den Schutz der nat\u00fcrlichen Umwelt und streben durch die Entwicklung eines strategischen Aktionsplans eine nachhaltige Tourismusentwicklung an. Dabei haben wir folgende Ziele im Blick: Wir f\u00f6rdern eine Kultur des Recyclings Wir f\u00fchren in allen Hotelabteilungen die Trennung von Abfall durch und befolgen die empfohlenen Anweisungen [&hellip;]<\/p>\n","protected":false},"author":1,"featured_media":0,"parent":0,"menu_order":0,"comment_status":"closed","ping_status":"closed","template":"visual-builder-template.php","meta":{"footnotes":""},"aioseo_notices":[],"_links":{"self":[{"href":"https:\/\/robollahotelcorfu.com\/de\/wp-json\/wp\/v2\/pages\/7541"}],"collection":[{"href":"https:\/\/robollahotelcorfu.com\/de\/wp-json\/wp\/v2\/pages"}],"about":[{"href":"https:\/\/robollahotelcorfu.com\/de\/wp-json\/wp\/v2\/types\/page"}],"author":[{"embeddable":true,"href":"https:\/\/robollahotelcorfu.com\/de\/wp-json\/wp\/v2\/users\/1"}],"replies":[{"embeddable":true,"href":"https:\/\/robollahotelcorfu.com\/de\/wp-json\/wp\/v2\/comments?post=7541"}],"version-history":[{"count":14,"href":"https:\/\/robollahotelcorfu.com\/de\/wp-json\/wp\/v2\/pages\/7541\/revisions"}],"predecessor-version":[{"id":10374,"href":"https:\/\/robollahotelcorfu.com\/de\/wp-json\/wp\/v2\/pages\/7541\/revisions\/10374"}],"wp:attachment":[{"href":"https:\/\/robollahotelcorfu.com\/de\/wp-json\/wp\/v2\/media?parent=7541"}],"curies":[{"name":"wp","href":"https:\/\/api.w.org\/{rel}","templated":true}]}}