{"id":8009,"date":"2022-12-01T10:20:07","date_gmt":"2022-12-01T10:20:07","guid":{"rendered":"https:\/\/robollahotelcorfu.com\/arrival-directions-robolla-beach-aparthotel-roda-corfu\/"},"modified":"2024-05-22T06:38:45","modified_gmt":"2024-05-22T06:38:45","slug":"arrival-directions-robolla-beach-aparthotel-roda-corfu","status":"publish","type":"page","link":"https:\/\/robollahotelcorfu.com\/de\/arrival-directions-robolla-beach-aparthotel-roda-corfu\/","title":{"rendered":"Routenplaner"},"content":{"rendered":"<div class=\"fw-page-builder-content\">\n<h1 class=\"fw-special-title\">Routenplaner<\/h1>\n<p> Flughafen Korfu zum Robolla Beach Aparthotel<\/p>\n<p>37 km55 min<a class=\"direct\" href=\"https:\/\/www.google.com\/maps?ll=39.700865,19.824119&amp;z=11&amp;t=m&amp;hl=el&amp;gl=GR&amp;mapclient=embed&amp;saddr=%CE%94%CE%B9%CE%B5%CE%B8%CE%BD%CE%AD%CF%82+%CE%91%CE%B5%CF%81%CE%BF%CE%B4%CF%81%CF%8C%CE%BC%CE%B9%CE%BF+%CE%9A%CE%AD%CF%81%CE%BA%CF%85%CF%81%CE%B1%CF%82+%CE%99%CF%89%CE%AC%CE%BD%CE%BD%CE%B7%CF%82+%CE%9A%CE%B1%CF%80%CE%BF%CE%B4%CE%AF%CF%83%CF%84%CF%81%CE%B9%CE%B1%CF%82,+%CE%9A%CE%AD%CF%81%CE%BA%CF%85%CF%81%CE%B1+491+00&amp;daddr=Robolla+Beach,+%CE%A1%CF%8C%CE%B4%CE%B1+490+81&amp;dirflg=d\" target=\"_blank\" rel=\"noopener\">Erhalten Sie eine detaillierte Wegbeschreibung<\/a><\/p>\n<p> Korfus Hafen zum Robolla Beach Aparthotel.<\/p>\n<p>35 km50 min<a class=\"direct\" href=\"https:\/\/www.google.com\/maps?ll=39.710989,19.81863&amp;z=11&amp;t=m&amp;hl=el&amp;gl=GR&amp;mapclient=embed&amp;saddr=%CE%9F%CF%81%CE%B3%CE%B1%CE%BD%CE%B9%CF%83%CE%BC%CF%8C%CF%82+%CE%9B%CE%B9%CE%BC%CE%AD%CE%BD%CE%BF%CF%82+%CE%9A%CE%AD%CF%81%CE%BA%CF%85%CF%81%CE%B1%CF%82,+%CE%95%CE%B8.+%CE%91%CE%BD%CF%84%CE%B9%CF%83%CF%84%CE%AC%CF%83%CE%B5%CF%89%CF%82+24,+%CE%9A%CE%AD%CF%81%CE%BA%CF%85%CF%81%CE%B1+491+00&amp;daddr=Robolla+Beach,+%CE%A1%CF%8C%CE%B4%CE%B1+490+81&amp;dirflg=d\" target=\"_blank\" rel=\"noopener\">Erhalten Sie eine detaillierte Wegbeschreibung<\/a><\/p>\n<p> <img decoding=\"async\" src=\"https:\/\/robollahotelcorfu.com\/wp-content\/uploads\/2023\/03\/green-buses-corfu.jpg\" alt=\"green-buses-corfu\" data-maxdpr=\"1.7\" class=\"lazyload\" \/><br \/>\n \u00d6ffentliche Verkehrsmittel<\/p>\n<p>Bitte besuchen Sie die GreenBuses-Website, wenn Sie \u00f6ffentliche Verkehrsmittel nutzen m\u00f6chten. Das Ziel ist Roda-Acharavi (A3) und wir empfehlen Ihnen dringend, den Fahrer zu fragen, wo Sie f\u00fcr das Robolla Beach Aparthotel aussteigen m\u00fcssen. <a class=\"direct\" style=\"color: #279295;\" href=\"https:\/\/greenbuses.gr\/index.php\/routes-en?rt=A3\">greenbuses.gr<\/a><\/p>\n<p> Privater Shuttle<\/p>\n<p>Wenn Sie einen privaten Shuttle-Service w\u00fcnschen, z\u00f6gern Sie bitte nicht, uns unter <a class=\"direct\" style=\"color: #279295;\" href=\"mailto:reservations@robolla.com\">reservations@robolla.com<\/a> zu kontaktieren.<\/p>\n<p> <img decoding=\"async\" src=\"https:\/\/robollahotelcorfu.com\/wp-content\/uploads\/2023\/01\/private-shuttle.jpg\" alt=\"private-shuttle\" data-maxdpr=\"1.7\" class=\"lazyload\" \/><br \/>\n<a href=\"https:\/\/www.facebook.com\/people\/Robolla-Beach-Aparthotel\/100057593402376\/\"><\/a><a href=\"https:\/\/www.instagram.com\/robollabeach\/?hl=el\"><\/a>Robolla Beach Apart Hotel, Roda 49081 Korfu<\/p>\n<p><!-- 1790fd5f84ec925f8eadae39ffc4a1e9 --><\/div>\n","protected":false},"excerpt":{"rendered":"<p>Routenplaner Flughafen Korfu zum Robolla Beach Aparthotel 37 km55 minErhalten Sie eine detaillierte Wegbeschreibung Korfus Hafen zum Robolla Beach Aparthotel. 35 km50 minErhalten Sie eine detaillierte Wegbeschreibung \u00d6ffentliche Verkehrsmittel Bitte besuchen Sie die GreenBuses-Website, wenn Sie \u00f6ffentliche Verkehrsmittel nutzen m\u00f6chten. Das Ziel ist Roda-Acharavi (A3) und wir empfehlen Ihnen dringend, den Fahrer zu fragen, wo [&hellip;]<\/p>\n","protected":false},"author":3,"featured_media":0,"parent":0,"menu_order":0,"comment_status":"closed","ping_status":"closed","template":"visual-builder-template.php","meta":{"footnotes":""},"aioseo_notices":[],"_links":{"self":[{"href":"https:\/\/robollahotelcorfu.com\/de\/wp-json\/wp\/v2\/pages\/8009"}],"collection":[{"href":"https:\/\/robollahotelcorfu.com\/de\/wp-json\/wp\/v2\/pages"}],"about":[{"href":"https:\/\/robollahotelcorfu.com\/de\/wp-json\/wp\/v2\/types\/page"}],"author":[{"embeddable":true,"href":"https:\/\/robollahotelcorfu.com\/de\/wp-json\/wp\/v2\/users\/3"}],"replies":[{"embeddable":true,"href":"https:\/\/robollahotelcorfu.com\/de\/wp-json\/wp\/v2\/comments?post=8009"}],"version-history":[{"count":8,"href":"https:\/\/robollahotelcorfu.com\/de\/wp-json\/wp\/v2\/pages\/8009\/revisions"}],"predecessor-version":[{"id":11002,"href":"https:\/\/robollahotelcorfu.com\/de\/wp-json\/wp\/v2\/pages\/8009\/revisions\/11002"}],"wp:attachment":[{"href":"https:\/\/robollahotelcorfu.com\/de\/wp-json\/wp\/v2\/media?parent=8009"}],"curies":[{"name":"wp","href":"https:\/\/api.w.org\/{rel}","templated":true}]}}